{"id":278,"date":"2025-03-23T21:23:22","date_gmt":"2025-03-23T20:23:22","guid":{"rendered":"https:\/\/16mm.com.pl\/?page_id=278"},"modified":"2025-04-19T17:24:31","modified_gmt":"2025-04-19T15:24:31","slug":"nr-42-2020","status":"publish","type":"page","link":"https:\/\/16mm.com.pl\/index.php\/archiwum\/nr-42-2020\/","title":{"rendered":"Nr 42: 2020"},"content":{"rendered":"\n<p><strong>Drodzy Czytelnicy i&nbsp;Czytelniczki,<\/strong><\/p>\n\n\n\n<p>Kt\u00f3\u017c z&nbsp;nas spodziewa\u0142 si\u0119 w&nbsp;momencie wydania poprzedniego numeru, \u017ce kolejne miesi\u0105ce pierwszego roku nowej dekady postawi\u0105 przed nami tyle wyzwa\u0144? Szalej\u0105ca na ca\u0142ym \u015bwiecie pandemia pokrzy\u017cowa\u0142a plany nam wszystkim, zamykaj\u0105c sklepy, szko\u0142y i&nbsp;uczelnie. Szczeg\u00f3lnie mocno uderzy\u0142a ona w&nbsp;sektor kultury, pozbawiaj\u0105c tysi\u0105ce ludzi pracy. Festiwale w&nbsp;Cannes i&nbsp;Karlovych Varach zosta\u0142y odwo\u0142ane, a&nbsp;wszystkie najwi\u0119ksze premiery zosta\u0142y przesuni\u0119te w&nbsp;mniej lub bardziej sprecyzowan\u0105 przysz\u0142o\u015b\u0107. Zako\u0144czony festiwal w&nbsp;Wenecji daje nam jednak iskierk\u0119 nadziei na to, \u017ce kino \u2013 i&nbsp;kultura w&nbsp;og\u00f3le \u2013 odrodzi si\u0119 jak feniks z&nbsp;popio\u0142\u00f3w. Postanowili\u015bmy, \u017ce ten numer zostanie po\u015bwi\u0119cony temu wyj\u0105tkowemu (we wszystkich aspektach tego s\u0142owa) rokowi. Poza koronawirusem, 2020 zaprowadzi\u0142 nas na granic\u0119 trzeciej wojny \u015bwiatowej, pokaza\u0142 ekologiczn\u0105 katastrof\u0119 oraz zaprezentowa\u0142 spo\u0142eczne rozruchy w&nbsp;Stanach Zjednoczonych i&nbsp;Polsce na skal\u0119 dot\u0105d niespotykan\u0105. Jeste\u015bmy przekonani, \u017ce to wszystko znajdzie jeszcze swoje odbicie w&nbsp;kinie, lecz zanim to nastanie, proponujemy Pa\u0144stwu nasz\u0105 interpretacj\u0119 tego roku.<\/p>\n\n\n\n<p>W&nbsp;sekcji \u201eW powi\u0119kszeniu\u201d&nbsp;<strong>Dominika Laszczyk-Ho\u0142y\u0144ska<\/strong>&nbsp;opowiada o&nbsp;tym, jak w&nbsp;kinie australijskim m\u015bci si\u0119 za setki lat krzywd sprowadzonych na ni\u0105 przez ludzi. To, jak wygl\u0105da\u0142o w&nbsp;ostatnich latach kino izolacji opisuje w&nbsp;swoim tek\u015bcie&nbsp;<strong>Kajetan Zgubie\u0144ski<\/strong>, zainspirowany w&nbsp;swoich poszukiwaniach&nbsp;przymusowym&nbsp;<em>lockdownem<\/em>. Z&nbsp;<strong>Sabina Tkacz<\/strong>, obserwuj\u0105c rosn\u0105c\u0105 polityk\u0119 dyskryminacyjn\u0105 w&nbsp;Polsce, powraca my\u015blami do epidemii AIDS w&nbsp;Stanach Zjednoczonych, elaboruj\u0105c na temat tego, do czego doprowadza szerzenie nienawi\u015bci do mniejszo\u015bci.<\/p>\n\n\n\n<p>W sekcji \u201eSzerokie uj\u0119cie\u201d tego wydania \u201e16mm\u201d zaprezentujemy dwa wywiady przeprowadzone przez&nbsp;<strong>Wojciecha Tutaja<\/strong>. Pierwszy z&nbsp;nich stanowi drug\u0105 cz\u0119\u015b\u0107 pasjonuj\u0105ce rozmowy o&nbsp;kinematografii azjatyckiej, przeprowadzonej z&nbsp;<strong>Jagod\u0105 Murczy\u0144sk\u0105<\/strong>, organizatork\u0105 Festiwalu Pi\u0119ciu Smak\u00f3w w&nbsp;Warszawie. Drug\u0105 interlokutork\u0105 Wojciecha jest&nbsp;<strong>Diana D\u0105browska<\/strong>, filmoznawczyni, sta\u0142a wsp\u00f3\u0142pracowniczka czasopisma \u201eKino\u201d, wybitna specjalistka od kina w\u0142oskiego. Razem z&nbsp;Wojtkiem Tutajem przeprowadzili d\u0142ug\u0105 rozmow\u0119 na temat problem\u00f3w i&nbsp;perspektyw kina s\u0142onecznej Italii.<\/p>\n\n\n\n<p>Z okazji pandemii nie mo\u017cna narzeka\u0107 na nadmiar nowo\u015bci w&nbsp;repertuarach kinowych. Recenzujemy wi\u0119c t\u0119&nbsp;garstk\u0119 dost\u0119pnych nowo\u015bci, kt\u00f3ra pojawi\u0142a si\u0119 w&nbsp;ostatnich tygodniach na ma\u0142ych i&nbsp;du\u017cych ekranach.&nbsp;<strong>Pawe\u0142 K\u0119dziora<\/strong>&nbsp;do\u015b\u0107 ch\u0142odno opisuje wra\u017cenie, jakie pozostawi\u0142 na nim&nbsp;<em>Tenet<\/em>, najnowszy film Christophera Nolana.&nbsp;<strong>Dorota \u017bak<\/strong>&nbsp;entuzjastycznie recenzuje przygody bohater\u00f3w ostatniego filmu studia Pixar, czyli&nbsp;<em>Naprz\u00f3d<\/em>.&nbsp;<strong>Ma\u0142gorzata M\u0105czko<\/strong>&nbsp;analizuje niezwykle wa\u017cny temat masowych migracji ludno\u015bci zaprezentowanych w&nbsp;netfliksowym&nbsp;<em>Immigration Nation<\/em>.&nbsp;<strong>Bartek Tesarz<\/strong>&nbsp;wraca wspomnieniami do filmu&nbsp;<em>Babyteeth<\/em>, kt\u00f3ry polska publiczno\u015b\u0107 mog\u0142a obejrze\u0107 w&nbsp;kinach w&nbsp;sierpniu.<\/p>\n\n\n\n<p>Zapraszamy do lektury!<\/p>\n\n\n\n<p>Jak zawsze zapraszamy na nasz\u0105&nbsp;<a href=\"https:\/\/web.archive.org\/web\/20230422175433\/http:\/\/16mm.pl\/\">stron\u0119 internetow\u0105<\/a>&nbsp;oraz&nbsp;<a href=\"https:\/\/web.archive.org\/web\/20230422175433\/http:\/\/facebook.com\/16milimetrow\">fanpage<\/a>. Kolejnego numeru \u201e16mm\u201d mo\u017cecie spodziewa\u0107 si\u0119 ju\u017c w&nbsp;grudniu!<\/p>\n\n\n\n<p><strong>Bartek Tesarz<\/strong><\/p>\n\n\n\n<p><strong>W powi\u0119kszeniu<\/strong><\/p>\n\n\n\n<p><em><a href=\"https:\/\/web.archive.org\/web\/20230422175433\/http:\/\/16mm.pl\/2020\/09\/16\/znaj-swoje-miejsce-australijskie-eko-horrory\/\">Znaj swoje miejsce. Australijskie eko-horrory<\/a>&nbsp;<\/em>|| Dominika Laszczyk-Ho\u0142y\u0144ska<br><a href=\"https:\/\/web.archive.org\/web\/20230422175433\/http:\/\/16mm.pl\/2020\/09\/16\/wedrowcy-nad-morzem-mgly\/\"><em>W\u0119drowcy nad morzem mg\u0142y<\/em><\/a>&nbsp;|| Kajetan Zgubie\u0144ski<br><em><a href=\"https:\/\/web.archive.org\/web\/20230422175433\/http:\/\/16mm.pl\/2020\/09\/16\/prywatne-jest-polityczne-przypadek-silverlake-life\/\">Prywatne jest polityczne \u2013 przypadek \u201eSilverlake Life\u201d<\/a>&nbsp;||&nbsp;<\/em>Sabina Tkacz<\/p>\n\n\n\n<p><strong>Szerokie uj\u0119cie<\/strong><\/p>\n\n\n\n<p><em><a href=\"https:\/\/web.archive.org\/web\/20230422175433\/http:\/\/16mm.pl\/2020\/09\/16\/ppdroz-w-glab-kina-wloskiego-wywiad-z-diana-dabrowska\/\">Podr\u00f3\u017c w&nbsp;g\u0142\u0105b kina w\u0142oskiego. Wywiad z&nbsp;Dian\u0105 D\u0105browsk\u0105<\/a>||&nbsp;<\/em>Wojciech Tutaj<br><em><a href=\"https:\/\/web.archive.org\/web\/20230422175433\/http:\/\/16mm.pl\/2020\/09\/16\/festiwale-samuraje-i-praca-u-podstaw-rozmowa-z-jagoda-murczynska-cz-2\/\">Festiwale, samuraje i&nbsp;praca u&nbsp;podstaw. Rozmowa z&nbsp;Jagod\u0105 Murczy\u0144sk\u0105 (cz. 2)<\/a><\/em>&nbsp;|| Wojciech Tutaj<\/p>\n\n\n\n<p><strong>Recenzje<\/strong><\/p>\n\n\n\n<p><a href=\"https:\/\/web.archive.org\/web\/20230422175433\/http:\/\/16mm.pl\/2020\/09\/16\/grzechy-naszej-przyszlosci\/\"><em>Grzechy naszej przysz\u0142o\u015bci<\/em><\/a>&nbsp;||&nbsp;Pawe\u0142 K\u0119dziora<br><a href=\"https:\/\/web.archive.org\/web\/20230422175433\/http:\/\/16mm.pl\/2020\/09\/17\/8141\/\"><em>Wyprawa po ojca<\/em><\/a>&nbsp;||&nbsp;Dorota \u017bak<br><em><a href=\"https:\/\/web.archive.org\/web\/20230422175433\/http:\/\/16mm.pl\/2020\/09\/17\/american-nightmare\/\">American Nightmare<\/a>&nbsp;<\/em>||&nbsp;Ma\u0142gorzata M\u0105czko<br><em><a href=\"https:\/\/web.archive.org\/web\/20230422175433\/http:\/\/16mm.pl\/2020\/06\/16\/kiel\/\">Kie\u0142&nbsp;<\/a><\/em>||&nbsp;Bartek Tesarz<\/p>\n\n\n\n<p>\/na stronie g\u0142\u00f3wnej \u2013&nbsp;<em>Hejter<\/em>&nbsp;(2020, re\u017c. Jan Komasa)<\/p>\n","protected":false},"excerpt":{"rendered":"<p>Drodzy Czytelnicy i&nbsp;Czytelniczki, Kt\u00f3\u017c z&nbsp;nas spodziewa\u0142 si\u0119 w&nbsp;momencie wydania poprzedniego numeru, \u017ce kolejne miesi\u0105ce pierwszego roku nowej dekady postawi\u0105 przed nami tyle wyzwa\u0144? Szalej\u0105ca na ca\u0142ym \u015bwiecie pandemia pokrzy\u017cowa\u0142a plany nam wszystkim, zamykaj\u0105c sklepy, szko\u0142y i&nbsp;uczelnie. Szczeg\u00f3lnie mocno uderzy\u0142a ona w&nbsp;sektor kultury, pozbawiaj\u0105c tysi\u0105ce ludzi pracy. Festiwale w&nbsp;Cannes i&nbsp;Karlovych Varach zosta\u0142y odwo\u0142ane, a&nbsp;wszystkie najwi\u0119ksze premiery [\u2026]<\/p>\n","protected":false},"author":1,"featured_media":856,"parent":546,"menu_order":0,"comment_status":"closed","ping_status":"closed","template":"","meta":{"wp_typography_post_enhancements_disabled":false,"footnotes":""},"class_list":["post-278","page","type-page","status-publish","has-post-thumbnail","hentry"],"_links":{"self":[{"href":"https:\/\/16mm.com.pl\/index.php\/wp-json\/wp\/v2\/pages\/278","targetHints":{"allow":["GET"]}}],"collection":[{"href":"https:\/\/16mm.com.pl\/index.php\/wp-json\/wp\/v2\/pages"}],"about":[{"href":"https:\/\/16mm.com.pl\/index.php\/wp-json\/wp\/v2\/types\/page"}],"author":[{"embeddable":true,"href":"https:\/\/16mm.com.pl\/index.php\/wp-json\/wp\/v2\/users\/1"}],"replies":[{"embeddable":true,"href":"https:\/\/16mm.com.pl\/index.php\/wp-json\/wp\/v2\/comments?post=278"}],"version-history":[{"count":2,"href":"https:\/\/16mm.com.pl\/index.php\/wp-json\/wp\/v2\/pages\/278\/revisions"}],"predecessor-version":[{"id":416,"href":"https:\/\/16mm.com.pl\/index.php\/wp-json\/wp\/v2\/pages\/278\/revisions\/416"}],"up":[{"embeddable":true,"href":"https:\/\/16mm.com.pl\/index.php\/wp-json\/wp\/v2\/pages\/546"}],"wp:featuredmedia":[{"embeddable":true,"href":"https:\/\/16mm.com.pl\/index.php\/wp-json\/wp\/v2\/media\/856"}],"wp:attachment":[{"href":"https:\/\/16mm.com.pl\/index.php\/wp-json\/wp\/v2\/media?parent=278"}],"curies":[{"name":"wp","href":"https:\/\/api.w.org\/{rel}","templated":true}]}}