{"id":280,"date":"2025-03-23T21:24:30","date_gmt":"2025-03-23T20:24:30","guid":{"rendered":"https:\/\/16mm.com.pl\/?page_id=280"},"modified":"2025-04-19T17:23:41","modified_gmt":"2025-04-19T15:23:41","slug":"nr-41-metamorfoza","status":"publish","type":"page","link":"https:\/\/16mm.com.pl\/index.php\/archiwum\/nr-41-metamorfoza\/","title":{"rendered":"Nr 41: METAMORFOZA"},"content":{"rendered":"\n<p><strong>Drodzy Czytelnicy i&nbsp;Czytelniczki,<\/strong><\/p>\n\n\n\n<p>Pierwszy numer \u201e16mm\u201d w&nbsp;tej nowej dekadzie po\u015bwi\u0119camy refleksji nad tym, co ka\u017cdy ma w&nbsp;g\u0142owie w&nbsp;dziejowych momentach granicznych. Trwa\u0142e rzeczy, kt\u00f3re z&nbsp;nami pozosta\u0142y, odej\u015bcie tego, czego ju\u017c nie dostrzegamy wok\u00f3\u0142 nas, narodziny nowych, jeszcze nie do ko\u0144ca nam znanych zjawisk. Zmiana nie zachodzi jedynie&nbsp;w&nbsp;\u015bwiecie rzeczywistym, lecz przede wszystkich w&nbsp;nas samych, a&nbsp;wi\u0119c tak\u017ce w&nbsp;sztuce, kt\u00f3r\u0105 tworzymy. Nie chcieli\u015bmy jednak w&nbsp;tym numerze zada\u0107 pytania: \u201ejak zmieni\u0142o si\u0119 kino?\u201d Postanowili\u015bmy odda\u0107 g\u0142os osobom, kt\u00f3re chc\u0105 opowiedzie\u0107 nam, co rozumiej\u0105 przez metamorfoz\u0119 i&nbsp;jaki jej przyk\u0142ad zapad\u0142 im w&nbsp;pami\u0119\u0107. Patronem tego numeru o&nbsp;czasie zmian niech b\u0119dzie Jia Zhangke \u2013 jeden z&nbsp;najwi\u0119kszych kronikarzy ewolucji, kt\u00f3re zasz\u0142y w&nbsp;spo\u0142ecze\u0144stwie ostatnich dekad.<\/p>\n\n\n\n<p>W&nbsp;sekcji \u201eW powi\u0119kszeniu\u201d&nbsp;<strong>Jan Biedny<\/strong>&nbsp;opowiada o&nbsp;innowacyjnych strategiach przemiany ontologicznych w&nbsp;\u015bwiecie&nbsp;<em>Anihilacji<\/em>&nbsp;Alexa Garlanda. Widocznym go\u0142ym okiem w&nbsp;ostatnich latach zmianom w&nbsp;relacjach tw\u00f3rca-recenzent-widownia,&nbsp;po\u015bwi\u0119ci\u0142a sw\u00f3j esej&nbsp;<strong>Alicja<\/strong>&nbsp;<strong>Czepli<\/strong>, traktuj\u0105c Martina Scorsese jako swoje&nbsp;<em>case study<\/em>. Z&nbsp;kolei swoj\u0105 refleksj\u0119 na temat reprezentacji naukowc\u00f3w w&nbsp;kinie science-fiction i&nbsp;temu, jak zosta\u0142a ona odwr\u00f3cona w&nbsp;serialu&nbsp;<em>Dr STONE<\/em>&nbsp;prezentuje w&nbsp;swym artykule&nbsp;<strong>Danuta Repelowicz<\/strong>.<\/p>\n\n\n\n<p>W sekcji \u201eSzerokie uj\u0119cie\u201d tego wydania \u201e16mm\u201d zaprezentujemy a\u017c trzy wywiady. Pierwszy z&nbsp;nich stanowi pierwszy z&nbsp;dw\u00f3ch fragment\u00f3w bardzo obszernej rozmowy o&nbsp;kinematografii azjatyckiej, przeprowadzonej przez&nbsp;<strong>Wojciecha Tutaja<\/strong>&nbsp;z&nbsp;<strong>Jagod\u0105 Murczy\u0144sk\u0105<\/strong>, organizatork\u0105 Festiwalu Pi\u0119ciu Smak\u00f3w w&nbsp;Warszawie. Drugim artyku\u0142em jest zapis dyskusji&nbsp;mi\u0119dzy&nbsp;<strong>Robertem Siwczykiem<\/strong>&nbsp;a&nbsp;<strong>&nbsp;Micha\u0142em Oleszczykiem<\/strong>, kt\u00f3ra rozpocz\u0119\u0142a si\u0119 na om\u00f3wieniu sytuacji polskiego kina i&nbsp;Festiwalu w&nbsp;Gdyni, a&nbsp;przesz\u0142a do roli krytyka w&nbsp;\u017cyciu kulturalnym. Ostatnim tekstem w&nbsp;tej sekcji b\u0119dzie rozmowa&nbsp;<strong>Roberta Siwczyka&nbsp;<\/strong>z&nbsp;<strong>\u0141ukaszem Maszczy\u0144skim<\/strong>, muzykiem znanym szerszej widowni jako&nbsp;<strong>U<\/strong><strong>niverso<\/strong>, o&nbsp;jego uczestnictwie w&nbsp;licznych inicjatywach oko\u0142ofilmowych.<\/p>\n\n\n\n<p>Tym razem dzia\u0142 naszych recenzji postawi\u0142 na tegoroczne Oscary, omawiaj\u0105c tytu\u0142y, kt\u00f3re jeszcze nie zosta\u0142y przez nas poruszone. Lecz najpierw swoje dwie recenzje zaprezentuje&nbsp;<strong>Kuba Wanat<\/strong>, kt\u00f3ry, jako pierwszy cz\u0142onek \u201e16mm\u201d odwiedzi\u0142 festiwal w&nbsp;Rotterdamie. Tam mia\u0142 obejrze\u0107 mi\u0119dzy innymi&nbsp;<strong><em>Vitalin\u0119 Varel\u0119<\/em><\/strong>&nbsp;Pedro Costy, czyli laureata g\u0142\u00f3wnej nagrody na ostatnim festiwalu w&nbsp;Locarno oraz nominowanych do nagrody ameryka\u0144skiej Akademii&nbsp;<strong><em>N\u0119dznik\u00f3w<\/em>&nbsp;<\/strong>Ladja Ly. W&nbsp;swej entuzjastycznej recenzji&nbsp;<strong>Barbara Marmuszewska<\/strong>&nbsp;chwali&nbsp;<strong><em>Jojo Rabbit<\/em><\/strong>&nbsp;Taiki Waititiego, laureata Oscara za najlepszy scenariusz adaptowany.&nbsp;<strong>Dorota \u017bak<\/strong>&nbsp;opisuje swoje wra\u017cenia po seansie&nbsp;<strong><em>Ma\u0142ych kobietek<\/em><\/strong>&nbsp;Grety Gerwig, nagrodzone w&nbsp;tym roku za najlepsze kostiumy. W&nbsp;ko\u0144cu Aleksandra Komorowska analizuje dlaczego&nbsp;<strong><em>Irlandczyk<\/em>&nbsp;<\/strong>Martina Scorsesego okaza\u0142 si\u0119 najwi\u0119kszym przegranym tegorocznych Oscar\u00f3w.<\/p>\n\n\n\n<p>Zapraszamy do lektury!<\/p>\n\n\n\n<p>Jak zawsze zapraszamy na nasz\u0105&nbsp;<a href=\"https:\/\/16mm.com.pl\/\">stron\u0119 internetow\u0105<\/a>&nbsp;oraz&nbsp;<a href=\"http:\/\/facebook.com\/16milimetrow\">fanpage<\/a>. Kolejnego numeru \u201e16mm\u201d mo\u017cecie spodziewa\u0107 si\u0119 ju\u017c w&nbsp;maju!<\/p>\n\n\n\n<p><strong>Bartek Tesarz<\/strong><\/p>\n\n\n\n<p><strong>W powi\u0119kszeniu<\/strong><\/p>\n\n\n\n<p><a href=\"https:\/\/web.archive.org\/web\/20230422175433\/http:\/\/16mm.pl\/2020\/02\/20\/metamorfozy-swiata-metamorfozy-ludzi-o-anihilacji-alexa-garlanda\/\">Metamorfozy \u015bwiata, metamofrozy ludzi. O&nbsp;<em>Anihilacji<\/em>&nbsp;Alexa Garlanda<\/a>&nbsp;|| Jan Biedny<br><a href=\"https:\/\/web.archive.org\/web\/20230422175433\/http:\/\/16mm.pl\/2020\/02\/20\/czy-tworca-potrzebuje-dzis-krytyka\/\">Czy tw\u00f3rca potrzebuje dzi\u015b krytyka?&nbsp;<\/a>|| Alicja Czepli<br><a href=\"https:\/\/web.archive.org\/web\/20230422175433\/http:\/\/16mm.pl\/2020\/02\/20\/8037\/\">Kruszenie skamienia\u0142ych motyw\u00f3w na ratunek nauce<\/a>&nbsp;|| Danuta Repelowicz<\/p>\n\n\n\n<p><strong>Szerokie uj\u0119cie<\/strong><\/p>\n\n\n\n<p><a href=\"https:\/\/web.archive.org\/web\/20230422175433\/http:\/\/16mm.pl\/2020\/02\/20\/festiwale-samuraje-i-praca-u-podstaw-rozmowa-z-jagoda-murczynska-cz-1\/\">Festiwale, samuraje i&nbsp;praca u&nbsp;podstaw. Rozmowa z&nbsp;Jagod\u0105 Murczy\u0144sk\u0105 (cz. 1)<\/a>&nbsp;|| Wojciech Tutaj<br><a href=\"https:\/\/web.archive.org\/web\/20230422175433\/http:\/\/16mm.pl\/2020\/02\/20\/krytyka-filmowa-moze-byc-wielka-przygoda-rozmowa-z-michalem-oleszczykiem\/\">Krytyka filmowa mo\u017ce by\u0107 wielk\u0105 przygod\u0105. Rozmowa z&nbsp;Micha\u0142em Oleszczykiem<\/a>&nbsp;|| Robert Siwczyk<br><a href=\"https:\/\/web.archive.org\/web\/20230422175433\/http:\/\/16mm.pl\/2020\/02\/20\/filmy-nieme-maja-w-sobie-czastke-psychodelii-ktorej-szukam-rowniez-w-muzyce-rozmowa-z-lukaszem-maszczynskim\/\">Filmy nieme maj\u0105 w&nbsp;sobie cz\u0105stk\u0119 psychodelii, kt\u00f3rej szukam r\u00f3wnie\u017c w&nbsp;muzyce. Rozmowa z&nbsp;\u0141ukaszem Maszczy\u0144skim<\/a>&nbsp;|| Robert Siwczyk<\/p>\n\n\n\n<p><strong>Recenzje<\/strong><\/p>\n\n\n\n<p><a href=\"https:\/\/web.archive.org\/web\/20230422175433\/http:\/\/16mm.pl\/2020\/02\/20\/odcienie-czerni\/\">Odcienie czerni<\/a>&nbsp;|| Kuba Wanat<br><a href=\"https:\/\/web.archive.org\/web\/20230422175433\/http:\/\/16mm.pl\/2020\/02\/20\/na-barykady\/\">Na barykady<\/a>&nbsp;|| Kuba Wanat<br><a href=\"https:\/\/web.archive.org\/web\/20230422175433\/http:\/\/16mm.pl\/2020\/02\/20\/przebojowy-nazizm\/\">Przebojowy Nazizm<\/a>&nbsp;|| Barbara Marmuszewska<br><a href=\"https:\/\/web.archive.org\/web\/20230422175433\/http:\/\/16mm.pl\/2020\/02\/20\/byc-kobieta-byc-kobieta\/\">By\u0107 kobiet\u0105, by\u0107 kobiet\u0105\u2026<\/a>&nbsp;|| Dorota \u017bak<br><a href=\"https:\/\/web.archive.org\/web\/20230422175433\/http:\/\/16mm.pl\/2020\/02\/20\/mity-ameryki-mity-scorsesego\/\">Mity Ameryki, mity Scorsesego<\/a>&nbsp;|| Aleksandra Komorowska<\/p>\n\n\n\n<p>\/na stronie g\u0142\u00f3wnej \u2013&nbsp;<em>Martwa natura<\/em>&nbsp;(2006, re\u017c. Jia Zhang-ke)<\/p>\n","protected":false},"excerpt":{"rendered":"<p>Drodzy Czytelnicy i&nbsp;Czytelniczki, Pierwszy numer \u201e16mm\u201d w&nbsp;tej nowej dekadzie po\u015bwi\u0119camy refleksji nad tym, co ka\u017cdy ma w&nbsp;g\u0142owie w&nbsp;dziejowych momentach granicznych. Trwa\u0142e rzeczy, kt\u00f3re z&nbsp;nami pozosta\u0142y, odej\u015bcie tego, czego ju\u017c nie dostrzegamy wok\u00f3\u0142 nas, narodziny nowych, jeszcze nie do ko\u0144ca nam znanych zjawisk. Zmiana nie zachodzi jedynie&nbsp;w&nbsp;\u015bwiecie rzeczywistym, lecz przede wszystkich w&nbsp;nas samych, a&nbsp;wi\u0119c tak\u017ce w&nbsp;sztuce, [\u2026]<\/p>\n","protected":false},"author":1,"featured_media":856,"parent":546,"menu_order":1,"comment_status":"closed","ping_status":"closed","template":"","meta":{"wp_typography_post_enhancements_disabled":false,"footnotes":""},"class_list":["post-280","page","type-page","status-publish","has-post-thumbnail","hentry"],"_links":{"self":[{"href":"https:\/\/16mm.com.pl\/index.php\/wp-json\/wp\/v2\/pages\/280","targetHints":{"allow":["GET"]}}],"collection":[{"href":"https:\/\/16mm.com.pl\/index.php\/wp-json\/wp\/v2\/pages"}],"about":[{"href":"https:\/\/16mm.com.pl\/index.php\/wp-json\/wp\/v2\/types\/page"}],"author":[{"embeddable":true,"href":"https:\/\/16mm.com.pl\/index.php\/wp-json\/wp\/v2\/users\/1"}],"replies":[{"embeddable":true,"href":"https:\/\/16mm.com.pl\/index.php\/wp-json\/wp\/v2\/comments?post=280"}],"version-history":[{"count":3,"href":"https:\/\/16mm.com.pl\/index.php\/wp-json\/wp\/v2\/pages\/280\/revisions"}],"predecessor-version":[{"id":368,"href":"https:\/\/16mm.com.pl\/index.php\/wp-json\/wp\/v2\/pages\/280\/revisions\/368"}],"up":[{"embeddable":true,"href":"https:\/\/16mm.com.pl\/index.php\/wp-json\/wp\/v2\/pages\/546"}],"wp:featuredmedia":[{"embeddable":true,"href":"https:\/\/16mm.com.pl\/index.php\/wp-json\/wp\/v2\/media\/856"}],"wp:attachment":[{"href":"https:\/\/16mm.com.pl\/index.php\/wp-json\/wp\/v2\/media?parent=280"}],"curies":[{"name":"wp","href":"https:\/\/api.w.org\/{rel}","templated":true}]}}