{"id":282,"date":"2025-03-23T21:24:48","date_gmt":"2025-03-23T20:24:48","guid":{"rendered":"https:\/\/16mm.com.pl\/?page_id=282"},"modified":"2025-04-19T17:22:54","modified_gmt":"2025-04-19T15:22:54","slug":"nr-40-zmeczenie","status":"publish","type":"page","link":"https:\/\/16mm.com.pl\/index.php\/archiwum\/nr-40-zmeczenie\/","title":{"rendered":"Nr 40: ZM\u0118CZENIE"},"content":{"rendered":"\n<p><strong>Drodzy Czytelnicy i&nbsp;Czytelniczki,<\/strong><\/p>\n\n\n\n<p>Po kilkumiesi\u0119cznej przerwie, z&nbsp;dum\u0105 mo\u017cemy og\u0142osi\u0107, \u017ce \u201e16mm\u201d powraca do aktywno\u015bci. Dzia\u0142alno\u015b\u0107 zako\u0144czy\u0142a ju\u017c poprzednia redakcja, a&nbsp;poni\u017cszy numer stanowi pewien prolog do dzia\u0142alno\u015bci kolejnej. Ju\u017c wk\u00f3rtce dowiecie si\u0119 wi\u0119cej o&nbsp;nowym kszta\u0142cie \u201e16mm\u201d!<\/p>\n\n\n\n<p>Wszystkim nam udziela si\u0119 jesienna chandra. Szara plucha za oknem nie pomaga w&nbsp;wyj\u015bciu z&nbsp;domu, a&nbsp;wiadomo\u015bci wylewaj\u0105ce si\u0119 z&nbsp;ka\u017cdego ekranu naszych czterech \u015bcian nie dodaj\u0105 otuchy&nbsp;w&nbsp;my\u015blach o&nbsp;naszej przysz\u0142o\u015bci. Na szcz\u0119\u015bcie dla nas jest kino \u2013 medium stworzone do tego, by m\u00f3c uciec od problem\u00f3w reali\u00f3w \u017cycia codziennego. Eskapistyczny wymiar nie dotyczy jednak tematu tego numeru. Poni\u017cej znajdziecie Pa\u0144stwo zbi\u00f3r tekst\u00f3w po\u015bwi\u0119conych&nbsp;refleksji o&nbsp;tym, dlaczego kino nas m\u0119czy i&nbsp;sk\u0105d u&nbsp;niekt\u00f3rych re\u017cyser\u00f3w sadyzm rozwlekania film\u00f3w do niebotycznych rozmiar\u00f3w.<\/p>\n\n\n\n<p>Tym razem w&nbsp;sekcji \u201eW powi\u0119kszeniu\u201d&nbsp;<strong>Kajetan Zgubie\u0144ski<\/strong>&nbsp;prowadzi nas za r\u0119k\u0119 w&nbsp;historii kina, kt\u00f3re ochrzci\u0142 mianem marato\u0144skiego. W&nbsp;swoim tek\u015bcie omawia on tw\u00f3rc\u00f3w, kt\u00f3rzy testuj\u0105 granice obj\u0119to\u015bciowe terminu \u201efilmu pe\u0142nometra\u017cowego\u201d.&nbsp;&nbsp;<strong>Dagmara Cioska&nbsp;<\/strong>zastanawia si\u0119 nad psychologicznymi aspektami narracji zaproponowanej przez nurt&nbsp;<em>slow cinema<\/em>&nbsp;i&nbsp;tego, dlaczego wsp\u00f3\u0142czesny widz nie ma \u0142atwego \u017cycia w&nbsp;odbiorze r\u00f3\u017cnych form filmowych. Z&nbsp;kolei&nbsp;<strong>Krzysztof Korek<\/strong>&nbsp;w&nbsp;swym felietonie proponuje bardzo intymn\u0105 i&nbsp;impresyjn\u0105 podr\u00f3\u017c przez \u201eMi\u0119dzy s\u0142owami\u201d Sofii Coppoli.<\/p>\n\n\n\n<p>W \u201eSzerokim uj\u0119ciu\u201d b\u0119dziecie mogli si\u0119 dowiedzie\u0107, dla jakiej imprezy warto zosta\u0107 na wakacje w&nbsp;Krakowie.&nbsp;<strong>Katarzyna Oko\u0144ska<\/strong>&nbsp;opowie nam&nbsp;o&nbsp;tegorocznych&nbsp;<strong>Cracow Game Days<\/strong>&nbsp;i&nbsp;dlaczego warto obserwowa\u0107 to wydarzenie w&nbsp;kolejnych latach.<\/p>\n\n\n\n<p>W dziale recenzji znajdziecie Pa\u0144stwo prawdziwy miks wakacyjnych festiwali.&nbsp;<strong>Kajetan Zgubie\u0144ski<\/strong>&nbsp;z&nbsp;wielk\u0105 pasj\u0105 pisze o&nbsp;swoim seansie&nbsp;<strong>\u201eLa Flor\u201d<\/strong>, czyli najd\u0142u\u017cszego filmu w&nbsp;historii Festiwalu Nowe Horyzonty. Tak\u017ce z&nbsp;Nowych Horyzont\u00f3w pochodzi recenzja&nbsp;<strong>Mateusza Rosickiego<\/strong>, opisuj\u0105cy rozterki dorastania w&nbsp;wielokulturowym spo\u0142ecze\u0144stwie w&nbsp;<strong>\u201eM\u0142odym Ahmedzie\u201d<\/strong>. Przedpremierowo publikujemy tak\u017ce trzy recenzje z&nbsp;festiwalu w&nbsp;Wenecji. W&nbsp;tek\u015bcie&nbsp;<strong>Karoliny Ho\u0142ub&nbsp;<\/strong>mo\u017cecie Pa\u0144stwo si\u0119 przekona\u0107, czy&nbsp;<strong>\u201eOficer i&nbsp;szpieg\u201d<\/strong>&nbsp;faktycznie okazuje si\u0119 powrotem Romana Pola\u0144skiego na re\u017cyserski szczyt.&nbsp;<strong>Natalia Ryba<\/strong>&nbsp;opisuje dojmuj\u0105cy smutek, kt\u00f3ry ogarn\u0105\u0142 j\u0105 w&nbsp;trakcie seansu&nbsp;<strong>\u201eAbout Endlesness\u201d<\/strong>, wyr\u00f3\u017cnionego w&nbsp;Wenecji za re\u017cyseri\u0119. Sekcj\u0119 \u201eOrrizonti\u201d obra\u0142a za cel&nbsp;<strong>Barbara Marmuszewska<\/strong>, kt\u00f3ra recenzuje dla Pa\u0144stwa nagrodzonego za scenariusz&nbsp;<strong>\u201eRevenir\u201d<\/strong>. Na koniec, z&nbsp;pogranicza festiwalu w&nbsp;Wenecji i&nbsp;American Film Festival, mo\u017cecie Pa\u0144stwo przeczyta\u0107 recenzj\u0119&nbsp;<strong>\u201eHistorii ma\u0142\u017ce\u0144skiej\u201d<\/strong>&nbsp;<strong>Bartka Tesarza<\/strong>.<\/p>\n\n\n\n<p>Jak zawsze zapraszamy na nasz\u0105&nbsp;<a href=\"https:\/\/web.archive.org\/web\/20230422175433\/http:\/\/16mm.pl\/\">stron\u0119 internetow\u0105<\/a>&nbsp;oraz&nbsp;<a href=\"https:\/\/web.archive.org\/web\/20230422175433\/http:\/\/facebook.com\/16milimetrow\">fanpage<\/a>. Kolejnego numeru \u201e16mm\u201d mo\u017cecie spodziewa\u0107 si\u0119 ju\u017c w&nbsp;styczniu!<\/p>\n\n\n\n<p><strong>W powi\u0119kszeniu<\/strong><\/p>\n\n\n\n<p><a href=\"https:\/\/web.archive.org\/web\/20230422175433\/http:\/\/16mm.pl\/2019\/11\/14\/historia-nadzwyczajna-kina-maratonskiego\/\">Historia nadzwyczajna kina marato\u0144skiego||Kajetan Zgubie\u0144ski<\/a><br><a href=\"https:\/\/web.archive.org\/web\/20230422175433\/http:\/\/16mm.pl\/2019\/11\/14\/dlaczego-meczy-nas-slow-cinema-perspektywa-psychologii-poznawczej\/\">Dlaczego m\u0119czy nas&nbsp;<em>slow cinema<\/em>? Perpektywa psychologii poznawczej&nbsp;|| Dagmara Cioska<\/a><br><a href=\"https:\/\/web.archive.org\/web\/20230422175433\/http:\/\/16mm.pl\/2019\/11\/14\/samotnosc-posrod-obcych\/\">Samotno\u015b\u0107 w\u015br\u00f3d obcych&nbsp;|| Krzysztof Korek<\/a><\/p>\n\n\n\n<p><strong>Szerokie uj\u0119cie<\/strong><\/p>\n\n\n\n<p><a href=\"https:\/\/web.archive.org\/web\/20230422175433\/http:\/\/16mm.pl\/2019\/11\/14\/skromny-smaczny-szwedzki-stol\/\">Skromny i&nbsp;smaczny szwedzki st\u00f3\u0142&nbsp;|| Katarzyna Oko\u0144ska<\/a><\/p>\n\n\n\n<p><strong>Recenzje<\/strong><\/p>\n\n\n\n<p><a href=\"https:\/\/web.archive.org\/web\/20230422175433\/http:\/\/16mm.pl\/2019\/11\/13\/kwitnaca-historia-kina\/\">Kwitn\u0105ca historia kina&nbsp;|| Kajetan Zgubie\u0144ski<\/a><br><a href=\"https:\/\/web.archive.org\/web\/20230422175433\/http:\/\/16mm.pl\/2019\/11\/13\/uleglosc\/\">Uleg\u0142o\u015b\u0107&nbsp;|| Mateusz Rosicki<\/a><br><a href=\"https:\/\/web.archive.org\/web\/20230422175433\/http:\/\/16mm.pl\/2019\/11\/13\/akt-oskarzenia-w-efektownym-kostiumie\/\">Akt oskar\u017cenia w&nbsp;efektownym kostiumie&nbsp;|| Karolina Ho\u0142ub<\/a><br><a href=\"https:\/\/web.archive.org\/web\/20230422175433\/http:\/\/16mm.pl\/2019\/11\/13\/etiudy-o-smutku\/\">Etiudy o&nbsp;smutku&nbsp;|| Natalia Ryba<br><\/a><a href=\"https:\/\/web.archive.org\/web\/20230422175433\/http:\/\/16mm.pl\/2019\/11\/13\/gesty\/\">Gesty&nbsp;|| Barbara Marmuszewska<\/a><br><a href=\"https:\/\/web.archive.org\/web\/20230422175433\/http:\/\/16mm.pl\/2019\/11\/13\/divorce-story\/\">Divorce Story || Bartek Tesarz<\/a><\/p>\n\n\n\n<p>\/na stronie g\u0142\u00f3wnej \u2013 \u201eJeanne Dielman, Bulwar Handlowy, 1080, Bruksela\u201d (1975, re\u017c. Chantal Akerman)<\/p>\n","protected":false},"excerpt":{"rendered":"<p>Drodzy Czytelnicy i&nbsp;Czytelniczki, Po kilkumiesi\u0119cznej przerwie, z&nbsp;dum\u0105 mo\u017cemy og\u0142osi\u0107, \u017ce \u201e16mm\u201d powraca do aktywno\u015bci. Dzia\u0142alno\u015b\u0107 zako\u0144czy\u0142a ju\u017c poprzednia redakcja, a&nbsp;poni\u017cszy numer stanowi pewien prolog do dzia\u0142alno\u015bci kolejnej. Ju\u017c wk\u00f3rtce dowiecie si\u0119 wi\u0119cej o&nbsp;nowym kszta\u0142cie \u201e16mm\u201d! Wszystkim nam udziela si\u0119 jesienna chandra. Szara plucha za oknem nie pomaga w&nbsp;wyj\u015bciu z&nbsp;domu, a&nbsp;wiadomo\u015bci wylewaj\u0105ce si\u0119 z&nbsp;ka\u017cdego ekranu naszych [\u2026]<\/p>\n","protected":false},"author":1,"featured_media":856,"parent":546,"menu_order":2,"comment_status":"closed","ping_status":"closed","template":"","meta":{"wp_typography_post_enhancements_disabled":false,"footnotes":""},"class_list":["post-282","page","type-page","status-publish","has-post-thumbnail","hentry"],"_links":{"self":[{"href":"https:\/\/16mm.com.pl\/index.php\/wp-json\/wp\/v2\/pages\/282","targetHints":{"allow":["GET"]}}],"collection":[{"href":"https:\/\/16mm.com.pl\/index.php\/wp-json\/wp\/v2\/pages"}],"about":[{"href":"https:\/\/16mm.com.pl\/index.php\/wp-json\/wp\/v2\/types\/page"}],"author":[{"embeddable":true,"href":"https:\/\/16mm.com.pl\/index.php\/wp-json\/wp\/v2\/users\/1"}],"replies":[{"embeddable":true,"href":"https:\/\/16mm.com.pl\/index.php\/wp-json\/wp\/v2\/comments?post=282"}],"version-history":[{"count":2,"href":"https:\/\/16mm.com.pl\/index.php\/wp-json\/wp\/v2\/pages\/282\/revisions"}],"predecessor-version":[{"id":418,"href":"https:\/\/16mm.com.pl\/index.php\/wp-json\/wp\/v2\/pages\/282\/revisions\/418"}],"up":[{"embeddable":true,"href":"https:\/\/16mm.com.pl\/index.php\/wp-json\/wp\/v2\/pages\/546"}],"wp:featuredmedia":[{"embeddable":true,"href":"https:\/\/16mm.com.pl\/index.php\/wp-json\/wp\/v2\/media\/856"}],"wp:attachment":[{"href":"https:\/\/16mm.com.pl\/index.php\/wp-json\/wp\/v2\/media?parent=282"}],"curies":[{"name":"wp","href":"https:\/\/api.w.org\/{rel}","templated":true}]}}