{"id":284,"date":"2025-03-23T21:31:11","date_gmt":"2025-03-23T20:31:11","guid":{"rendered":"https:\/\/16mm.com.pl\/?page_id=284"},"modified":"2025-04-19T17:22:00","modified_gmt":"2025-04-19T15:22:00","slug":"nr-39-edukacja","status":"publish","type":"page","link":"https:\/\/16mm.com.pl\/index.php\/archiwum\/nr-39-edukacja\/","title":{"rendered":"Nr 39: EDUKACJA"},"content":{"rendered":"\n<p><strong>Drodzy Czytelnicy i&nbsp;Czytelniczki,<\/strong><\/p>\n\n\n\n<p>Jak pokazuje kino, szkolne lata to prze\u0142omowy moment w&nbsp;\u017cyciu ka\u017cdego z&nbsp;nas. To przede wszystkim czas zderzenia z&nbsp;r\u00f3wie\u015bnikami \u2013 wzmo\u017conej edukacji emocjonalnej i&nbsp;moralnej.&nbsp;Sporo nakr\u0119cono film\u00f3w, kt\u00f3rych akcja rozgrywa si\u0119 w&nbsp;murach szko\u0142y.<\/p>\n\n\n\n<p>Filmowa szko\u0142a niejedno ma imi\u0119. W&nbsp;dziale \u201eW powi\u0119kszeniu\u201d udowadnia to&nbsp;<strong>Kamila Cie\u015blik<\/strong>&nbsp;skupiaj\u0105c si\u0119 na kultowych slasherach, kt\u00f3re opr\u00f3cz krwawej jatki, oferuj\u0105 wgl\u0105d w&nbsp;umys\u0142y wchodz\u0105cych w&nbsp;doros\u0142o\u015b\u0107 nastolatk\u00f3w. Z&nbsp;kolei&nbsp;<strong>Anna Godo\u0144&nbsp;<\/strong>i&nbsp;<strong>Krzysztof Ruben&nbsp;<\/strong>po\u015bwi\u0119caj\u0105 uwag\u0119 nie tyle&nbsp;adeptom, co charyzmatycznym pedagogom.&nbsp;I&nbsp;przypominaj\u0105 dwie wa\u017cne rocznice \u2013 30 lat \u201eStowarzyszenia umar\u0142ych poet\u00f3w\u201d Petera Weira oraz 15 lat \u201ePana od muzyki\u201d Christophe\u2019a Barratiera.&nbsp;<\/p>\n\n\n\n<p>W dziale \u201eSzerokie uj\u0119cie\u201d tym razem skupiamy si\u0119 na sylwetce Paula Schradera \u2013 weterana kina hollywoodzkiego, a&nbsp;tak\u017ce uznanego teoretyka filmowego, szczeg\u00f3lnie zainteresowanego europejskim kinem autorskim.&nbsp;Do dzi\u015b najs\u0142ynniejszym dzie\u0142em Schradera pozostaje scenariusz&nbsp; kultowego \u201eTaks\u00f3wkarza\u201d, ale to zaledwie wycinek jego obszernej tw\u00f3rczo\u015bci. Po wi\u0119cej odsy\u0142amy do tekstu&nbsp;<strong>Bartosza Markowskiego<\/strong>:&nbsp;\u201eTranscendencja w&nbsp;wydaniu ameryka\u0144skim. O&nbsp;tw\u00f3rczo\u015bci Paula Schradera\u201d.<\/p>\n\n\n\n<p>Na koniec jak zwykle zach\u0119camy do przeczytania recenzji premierowych film\u00f3w! Za\u017calenia do \u201eAvengers: Koniec gry\u201d, zg\u0142asza&nbsp;<strong>Bartosz Markowski<\/strong>. Zwi\u0105zk\u00f3w pomi\u0119dzy literatur\u0105 Ciorana, Camusa, a&nbsp;filmem \u201eDzika grusza\u201d&nbsp;Nuriego Bilge Ceylana poszukuje&nbsp;<strong>Mateusz Rosicki<\/strong>. Natomiast&nbsp;<strong>Patryk Rzemyszkiewicz&nbsp;<\/strong>wraca do tematu numeru, a&nbsp;to za spraw\u0105 \u201ePrzedszkolanki\u201d&nbsp;Sary Colangelo.&nbsp;<\/p>\n\n\n\n<p>Jak zawsze zapraszamy na nasz\u0105&nbsp;<a href=\"https:\/\/web.archive.org\/web\/20230422175433\/http:\/\/16mm.pl\/\">stron\u0119 internetow\u0105<\/a>&nbsp;oraz&nbsp;<a href=\"https:\/\/web.archive.org\/web\/20230422175433\/http:\/\/facebook.com\/16milimetrow\">fanpage<\/a>. Kolejnego numeru \u201e16mm\u201d mo\u017cecie spodziewa\u0107 si\u0119 ju\u017c&nbsp;pod koniec czerwca!<\/p>\n\n\n\n<p><strong>Redakcja 16mm<\/strong><\/p>\n\n\n\n<p><strong>W powi\u0119kszeniu<br><\/strong><a href=\"https:\/\/web.archive.org\/web\/20230422175433\/http:\/\/16mm.pl\/2019\/05\/31\/zabili-go-gdy-dorastal\/\">Zabili go, gdy dorasta\u0142&nbsp;||&nbsp;Kamila Cie\u015blik<\/a><br><a href=\"https:\/\/web.archive.org\/web\/20230422175433\/http:\/\/16mm.pl\/2019\/05\/31\/edukacja-dla-wrazliwych\/\">Edukacja dla wra\u017cliwych ||&nbsp;Anna Godo\u0144<\/a><br><a href=\"https:\/\/web.archive.org\/web\/20230422175433\/http:\/\/16mm.pl\/2019\/05\/31\/pociag-do-zycia\/\">Poci\u0105g do \u017bycia || Krzysztof Ruben<\/a><\/p>\n\n\n\n<p><strong>Szerokie uj\u0119cie<br><\/strong><a href=\"https:\/\/web.archive.org\/web\/20230422175433\/http:\/\/16mm.pl\/2019\/05\/31\/transcendencja-w-wydaniu-amerykanskim-o-tworczosci-paula-schradera\/\">Transcendencja w&nbsp;wydaniu ameryka\u0144skim. O&nbsp;tw\u00f3rczo\u015bci Paula Schradera ||&nbsp;Bartosz Markowski<\/a><\/p>\n\n\n\n<p><strong><a href=\"https:\/\/web.archive.org\/web\/20230422175433\/http:\/\/16mm.pl\/category\/recenzje\/\">Recenzje<br><\/a><\/strong><a href=\"https:\/\/web.archive.org\/web\/20230422175433\/http:\/\/16mm.pl\/2019\/05\/31\/cena-odwagi\/\">Cena odwagi. \u201eAvengers: Koniec gry\u201d || Bartosz Markowski<\/a><br><a href=\"https:\/\/web.archive.org\/web\/20230422175433\/http:\/\/16mm.pl\/2019\/05\/31\/miedzy-cioranem-a-camusem\/\">Mi\u0119dzy Cioranem a&nbsp;Camusem. \u201eDzika grusza\u201d&nbsp;|| Mateusz Rosicki<\/a><br><a href=\"https:\/\/web.archive.org\/web\/20230422175433\/http:\/\/16mm.pl\/2019\/05\/31\/pozaprogramowe-nauczanie\/\">Nauczanie pozaprogramowe. \u201ePrzedszkolanka\u201d || Patryk Rzemyszkiewicz<\/a><br><a href=\"https:\/\/web.archive.org\/web\/20230422175433\/http:\/\/16mm.pl\/2019\/07\/16\/szepty-i-krzyki\/\">Szepty i&nbsp;krzyki. \u201eGodzilla II Kr\u00f3l potwor\u00f3w\u201d&nbsp;|| Bartosz Tesarz<\/a><br><a href=\"https:\/\/web.archive.org\/web\/20230422175433\/http:\/\/16mm.pl\/2019\/07\/16\/dziki\/\">Dziki. \u201eSauvage\u201d&nbsp;|| Bartosz Tesarz<\/a><\/p>\n\n\n\n<p>\/na stronie g\u0142\u00f3wnej \u2013 \u201eRushmore\u201d (1998, re\u017c. Wes Anderson)<\/p>\n","protected":false},"excerpt":{"rendered":"<p>Drodzy Czytelnicy i&nbsp;Czytelniczki, Jak pokazuje kino, szkolne lata to prze\u0142omowy moment w&nbsp;\u017cyciu ka\u017cdego z&nbsp;nas. To przede wszystkim czas zderzenia z&nbsp;r\u00f3wie\u015bnikami \u2013 wzmo\u017conej edukacji emocjonalnej i&nbsp;moralnej.&nbsp;Sporo nakr\u0119cono film\u00f3w, kt\u00f3rych akcja rozgrywa si\u0119 w&nbsp;murach szko\u0142y. Filmowa szko\u0142a niejedno ma imi\u0119. W&nbsp;dziale \u201eW powi\u0119kszeniu\u201d udowadnia to&nbsp;Kamila Cie\u015blik&nbsp;skupiaj\u0105c si\u0119 na kultowych slasherach, kt\u00f3re opr\u00f3cz krwawej jatki, oferuj\u0105 wgl\u0105d w&nbsp;umys\u0142y [\u2026]<\/p>\n","protected":false},"author":1,"featured_media":856,"parent":546,"menu_order":3,"comment_status":"closed","ping_status":"closed","template":"","meta":{"wp_typography_post_enhancements_disabled":false,"footnotes":""},"class_list":["post-284","page","type-page","status-publish","has-post-thumbnail","hentry"],"_links":{"self":[{"href":"https:\/\/16mm.com.pl\/index.php\/wp-json\/wp\/v2\/pages\/284","targetHints":{"allow":["GET"]}}],"collection":[{"href":"https:\/\/16mm.com.pl\/index.php\/wp-json\/wp\/v2\/pages"}],"about":[{"href":"https:\/\/16mm.com.pl\/index.php\/wp-json\/wp\/v2\/types\/page"}],"author":[{"embeddable":true,"href":"https:\/\/16mm.com.pl\/index.php\/wp-json\/wp\/v2\/users\/1"}],"replies":[{"embeddable":true,"href":"https:\/\/16mm.com.pl\/index.php\/wp-json\/wp\/v2\/comments?post=284"}],"version-history":[{"count":2,"href":"https:\/\/16mm.com.pl\/index.php\/wp-json\/wp\/v2\/pages\/284\/revisions"}],"predecessor-version":[{"id":419,"href":"https:\/\/16mm.com.pl\/index.php\/wp-json\/wp\/v2\/pages\/284\/revisions\/419"}],"up":[{"embeddable":true,"href":"https:\/\/16mm.com.pl\/index.php\/wp-json\/wp\/v2\/pages\/546"}],"wp:featuredmedia":[{"embeddable":true,"href":"https:\/\/16mm.com.pl\/index.php\/wp-json\/wp\/v2\/media\/856"}],"wp:attachment":[{"href":"https:\/\/16mm.com.pl\/index.php\/wp-json\/wp\/v2\/media?parent=284"}],"curies":[{"name":"wp","href":"https:\/\/api.w.org\/{rel}","templated":true}]}}