{"id":546,"date":"2025-04-01T15:02:06","date_gmt":"2025-04-01T13:02:06","guid":{"rendered":"https:\/\/16mm.com.pl\/?page_id=546"},"modified":"2025-04-21T01:25:17","modified_gmt":"2025-04-20T23:25:17","slug":"archiwum","status":"publish","type":"page","link":"https:\/\/16mm.com.pl\/index.php\/archiwum\/","title":{"rendered":"Archiwum"},"content":{"rendered":"\n<div class=\"wp-block-group has-global-padding is-layout-constrained wp-container-core-group-is-layout-4f9f0532 wp-block-group-is-layout-constrained\">\n<div class=\"wp-block-cover alignfull is-light has-global-padding is-layout-constrained wp-container-core-cover-is-layout-ee51f2d2 wp-block-cover-is-layout-constrained\" style=\"padding-top:2%;min-height:30rem;aspect-ratio:unset;\"><img fetchpriority=\"high\" decoding=\"async\" width=\"1024\" height=\"576\" class=\"wp-block-cover__image-background wp-image-857 size-large\" alt src=\"https:\/\/16mm.com.pl\/wp-content\/uploads\/2025\/04\/Plansze-typo_konwersja-4-1024x576.jpg\" data-object-fit=\"cover\" srcset=\"https:\/\/16mm.com.pl\/wp-content\/uploads\/2025\/04\/Plansze-typo_konwersja-4-1024x576.jpg 1024w, https:\/\/16mm.com.pl\/wp-content\/uploads\/2025\/04\/Plansze-typo_konwersja-4-300x169.jpg 300w, https:\/\/16mm.com.pl\/wp-content\/uploads\/2025\/04\/Plansze-typo_konwersja-4-768x432.jpg 768w, https:\/\/16mm.com.pl\/wp-content\/uploads\/2025\/04\/Plansze-typo_konwersja-4-1536x864.jpg 1536w, https:\/\/16mm.com.pl\/wp-content\/uploads\/2025\/04\/Plansze-typo_konwersja-4.jpg 1920w\" sizes=\"(max-width: 1024px) 100vw, 1024px\"><span aria-hidden=\"true\" class=\"wp-block-cover__background has-background-dim-0 has-background-dim\" style=\"background-color:#e6e6e6\"><\/span><div class=\"wp-block-cover__inner-container\"><\/div><\/div>\n\n\n\n<div class=\"wp-block-query is-layout-flow wp-block-query-is-layout-flow\"><ul class=\"columns-3 wp-block-post-template is-layout-grid wp-container-core-post-template-is-layout-00565dc5 wp-block-post-template-is-layout-grid\"><li class=\"wp-block-post post-30 page type-page status-publish has-post-thumbnail hentry\">\n\n<div class=\"wp-block-columns is-layout-flex wp-container-core-columns-is-layout-28f84493 wp-block-columns-is-layout-flex\">\n<div class=\"wp-block-column is-layout-flow wp-block-column-is-layout-flow\" style=\"flex-basis:100%\"><figure style=\"aspect-ratio:4\/3;\" class=\"wp-block-post-featured-image\"><a href=\"https:\/\/16mm.com.pl\/index.php\/archiwum\/nr-50-paryz\/\" target=\"_self\"><img decoding=\"async\" width=\"1920\" height=\"1080\" src=\"https:\/\/16mm.com.pl\/wp-content\/uploads\/2025\/04\/Plansze-typo_konwersja-5.jpg\" class=\"attachment-post-thumbnail size-post-thumbnail wp-post-image\" alt=\"Nr 50: PARY\u017b\" style=\"border-radius:10px;width:100%;height:100%;object-fit:cover;\" srcset=\"https:\/\/16mm.com.pl\/wp-content\/uploads\/2025\/04\/Plansze-typo_konwersja-5.jpg 1920w, https:\/\/16mm.com.pl\/wp-content\/uploads\/2025\/04\/Plansze-typo_konwersja-5-300x169.jpg 300w, https:\/\/16mm.com.pl\/wp-content\/uploads\/2025\/04\/Plansze-typo_konwersja-5-1024x576.jpg 1024w, https:\/\/16mm.com.pl\/wp-content\/uploads\/2025\/04\/Plansze-typo_konwersja-5-768x432.jpg 768w, https:\/\/16mm.com.pl\/wp-content\/uploads\/2025\/04\/Plansze-typo_konwersja-5-1536x864.jpg 1536w\" sizes=\"(max-width: 1920px) 100vw, 1920px\"><\/a><\/figure><\/div>\n<\/div>\n\n\n<h2 style=\"font-size:clamp(14.642px, 0.915rem + ((1vw - 3.2px) * 0.575), 22px); margin-bottom:10px;margin-top:10px;\" class=\"wp-block-post-title\"><a href=\"https:\/\/16mm.com.pl\/index.php\/archiwum\/nr-50-paryz\/\" target=\"_self\">Nr 50: PARY\u017b<\/a><\/h2>\n\n<div style=\"color:#898989; font-size:clamp(14px, 0.875rem + ((1vw - 3.2px) * 0.078), 15px); margin-top:0px;margin-right:0px;margin-bottom:15px;margin-left:0px;\" class=\"has-link-color wp-elements-c79d9821ca3afc00b8d3545e95bd17ca wp-block-post-excerpt has-text-color\"><p class=\"wp-block-post-excerpt__excerpt\">PARY\u017b I\u2019ve been to Paris France and I\u2019ve been to Paris Paramount. Paris Paramount is better.\u2026 <\/p><\/div>\n\n<a style=\"color:#07277c; font-size:13px;\" class=\"wp-elements-b04f66f073ea061c9dce3f22265101a6 wp-block-read-more has-text-color\" href=\"https:\/\/16mm.com.pl\/index.php\/archiwum\/nr-50-paryz\/\" target=\"_self\"><strong>READ MORE<\/strong> \u2192<span class=\"screen-reader-text\">: Nr 50: PARY\u017b<\/span><\/a>\n<\/li><li class=\"wp-block-post post-32 page type-page status-publish has-post-thumbnail hentry\">\n\n<div class=\"wp-block-columns is-layout-flex wp-container-core-columns-is-layout-28f84493 wp-block-columns-is-layout-flex\">\n<div class=\"wp-block-column is-layout-flow wp-block-column-is-layout-flow\" style=\"flex-basis:100%\"><figure style=\"aspect-ratio:4\/3;\" class=\"wp-block-post-featured-image\"><a href=\"https:\/\/16mm.com.pl\/index.php\/archiwum\/nr-49-lata-00\/\" target=\"_self\"><img decoding=\"async\" width=\"1920\" height=\"1080\" src=\"https:\/\/16mm.com.pl\/wp-content\/uploads\/2025\/04\/Plansze-typo_konwersja-5.jpg\" class=\"attachment-post-thumbnail size-post-thumbnail wp-post-image\" alt=\"Nr 49: LATA 00.\" style=\"border-radius:10px;width:100%;height:100%;object-fit:cover;\" srcset=\"https:\/\/16mm.com.pl\/wp-content\/uploads\/2025\/04\/Plansze-typo_konwersja-5.jpg 1920w, https:\/\/16mm.com.pl\/wp-content\/uploads\/2025\/04\/Plansze-typo_konwersja-5-300x169.jpg 300w, https:\/\/16mm.com.pl\/wp-content\/uploads\/2025\/04\/Plansze-typo_konwersja-5-1024x576.jpg 1024w, https:\/\/16mm.com.pl\/wp-content\/uploads\/2025\/04\/Plansze-typo_konwersja-5-768x432.jpg 768w, https:\/\/16mm.com.pl\/wp-content\/uploads\/2025\/04\/Plansze-typo_konwersja-5-1536x864.jpg 1536w\" sizes=\"(max-width: 1920px) 100vw, 1920px\"><\/a><\/figure><\/div>\n<\/div>\n\n\n<h2 style=\"font-size:clamp(14.642px, 0.915rem + ((1vw - 3.2px) * 0.575), 22px); margin-bottom:10px;margin-top:10px;\" class=\"wp-block-post-title\"><a href=\"https:\/\/16mm.com.pl\/index.php\/archiwum\/nr-49-lata-00\/\" target=\"_self\">Nr 49: LATA 00.<\/a><\/h2>\n\n<div style=\"color:#898989; font-size:clamp(14px, 0.875rem + ((1vw - 3.2px) * 0.078), 15px); margin-top:0px;margin-right:0px;margin-bottom:15px;margin-left:0px;\" class=\"has-link-color wp-elements-c79d9821ca3afc00b8d3545e95bd17ca wp-block-post-excerpt has-text-color\"><p class=\"wp-block-post-excerpt__excerpt\">Drogie Czytelniczki, drodzy Czytelnicy, Zapraszamy Was do opowie\u015bci o&nbsp;kinie pierwszej dekady XXI wieku. Czasie dla wielu\u2026 <\/p><\/div>\n\n<a style=\"color:#07277c; font-size:13px;\" class=\"wp-elements-b04f66f073ea061c9dce3f22265101a6 wp-block-read-more has-text-color\" href=\"https:\/\/16mm.com.pl\/index.php\/archiwum\/nr-49-lata-00\/\" target=\"_self\"><strong>READ MORE<\/strong> \u2192<span class=\"screen-reader-text\">: Nr 49: LATA 00.<\/span><\/a>\n<\/li><li class=\"wp-block-post post-34 page type-page status-publish has-post-thumbnail hentry\">\n\n<div class=\"wp-block-columns is-layout-flex wp-container-core-columns-is-layout-28f84493 wp-block-columns-is-layout-flex\">\n<div class=\"wp-block-column is-layout-flow wp-block-column-is-layout-flow\" style=\"flex-basis:100%\"><figure style=\"aspect-ratio:4\/3;\" class=\"wp-block-post-featured-image\"><a href=\"https:\/\/16mm.com.pl\/index.php\/archiwum\/nr-48-zwierzeta\/\" target=\"_self\"><img loading=\"lazy\" decoding=\"async\" width=\"1920\" height=\"1080\" src=\"https:\/\/16mm.com.pl\/wp-content\/uploads\/2025\/04\/Plansze-typo_konwersja-5.jpg\" class=\"attachment-post-thumbnail size-post-thumbnail wp-post-image\" alt=\"Nr 48: ZWIERZ\u0118TA\" style=\"border-radius:10px;width:100%;height:100%;object-fit:cover;\" srcset=\"https:\/\/16mm.com.pl\/wp-content\/uploads\/2025\/04\/Plansze-typo_konwersja-5.jpg 1920w, https:\/\/16mm.com.pl\/wp-content\/uploads\/2025\/04\/Plansze-typo_konwersja-5-300x169.jpg 300w, https:\/\/16mm.com.pl\/wp-content\/uploads\/2025\/04\/Plansze-typo_konwersja-5-1024x576.jpg 1024w, https:\/\/16mm.com.pl\/wp-content\/uploads\/2025\/04\/Plansze-typo_konwersja-5-768x432.jpg 768w, https:\/\/16mm.com.pl\/wp-content\/uploads\/2025\/04\/Plansze-typo_konwersja-5-1536x864.jpg 1536w\" sizes=\"(max-width: 1920px) 100vw, 1920px\"><\/a><\/figure><\/div>\n<\/div>\n\n\n<h2 style=\"font-size:clamp(14.642px, 0.915rem + ((1vw - 3.2px) * 0.575), 22px); margin-bottom:10px;margin-top:10px;\" class=\"wp-block-post-title\"><a href=\"https:\/\/16mm.com.pl\/index.php\/archiwum\/nr-48-zwierzeta\/\" target=\"_self\">Nr 48: ZWIERZ\u0118TA<\/a><\/h2>\n\n<div style=\"color:#898989; font-size:clamp(14px, 0.875rem + ((1vw - 3.2px) * 0.078), 15px); margin-top:0px;margin-right:0px;margin-bottom:15px;margin-left:0px;\" class=\"has-link-color wp-elements-c79d9821ca3afc00b8d3545e95bd17ca wp-block-post-excerpt has-text-color\"><p class=\"wp-block-post-excerpt__excerpt\">Drogie Czytelniczki, drodzy Czytelnicy, Ostatni w&nbsp;tym roku akademickim numer \u201e16mm\u201d pragniemy po\u015bwi\u0119ci\u0107 roli zwierz\u0105t w&nbsp;kinie. Nasi\u2026 <\/p><\/div>\n\n<a style=\"color:#07277c; font-size:13px;\" class=\"wp-elements-b04f66f073ea061c9dce3f22265101a6 wp-block-read-more has-text-color\" href=\"https:\/\/16mm.com.pl\/index.php\/archiwum\/nr-48-zwierzeta\/\" target=\"_self\"><strong>READ MORE<\/strong> \u2192<span class=\"screen-reader-text\">: Nr 48: ZWIERZ\u0118TA<\/span><\/a>\n<\/li><li class=\"wp-block-post post-37 page type-page status-publish has-post-thumbnail hentry\">\n\n<div class=\"wp-block-columns is-layout-flex wp-container-core-columns-is-layout-28f84493 wp-block-columns-is-layout-flex\">\n<div class=\"wp-block-column is-layout-flow wp-block-column-is-layout-flow\" style=\"flex-basis:100%\"><figure style=\"aspect-ratio:4\/3;\" class=\"wp-block-post-featured-image\"><a href=\"https:\/\/16mm.com.pl\/index.php\/archiwum\/nr-47-bieda\/\" target=\"_self\"><img loading=\"lazy\" decoding=\"async\" width=\"1920\" height=\"1080\" src=\"https:\/\/16mm.com.pl\/wp-content\/uploads\/2025\/04\/Plansze-typo_konwersja-5.jpg\" class=\"attachment-post-thumbnail size-post-thumbnail wp-post-image\" alt=\"Nr 47: BIEDA\" style=\"border-radius:10px;width:100%;height:100%;object-fit:cover;\" srcset=\"https:\/\/16mm.com.pl\/wp-content\/uploads\/2025\/04\/Plansze-typo_konwersja-5.jpg 1920w, https:\/\/16mm.com.pl\/wp-content\/uploads\/2025\/04\/Plansze-typo_konwersja-5-300x169.jpg 300w, https:\/\/16mm.com.pl\/wp-content\/uploads\/2025\/04\/Plansze-typo_konwersja-5-1024x576.jpg 1024w, https:\/\/16mm.com.pl\/wp-content\/uploads\/2025\/04\/Plansze-typo_konwersja-5-768x432.jpg 768w, https:\/\/16mm.com.pl\/wp-content\/uploads\/2025\/04\/Plansze-typo_konwersja-5-1536x864.jpg 1536w\" sizes=\"(max-width: 1920px) 100vw, 1920px\"><\/a><\/figure><\/div>\n<\/div>\n\n\n<h2 style=\"font-size:clamp(14.642px, 0.915rem + ((1vw - 3.2px) * 0.575), 22px); margin-bottom:10px;margin-top:10px;\" class=\"wp-block-post-title\"><a href=\"https:\/\/16mm.com.pl\/index.php\/archiwum\/nr-47-bieda\/\" target=\"_self\">Nr 47: BIEDA<\/a><\/h2>\n\n<div style=\"color:#898989; font-size:clamp(14px, 0.875rem + ((1vw - 3.2px) * 0.078), 15px); margin-top:0px;margin-right:0px;margin-bottom:15px;margin-left:0px;\" class=\"has-link-color wp-elements-c79d9821ca3afc00b8d3545e95bd17ca wp-block-post-excerpt has-text-color\"><p class=\"wp-block-post-excerpt__excerpt\">Drogie Czytelniczki, drodzy Czytelnicy, W&nbsp;tym trudnym czasie przedstawiamy nowy numer naszego magazynu. Jesieni\u0105 2021 roku,\u2026 <\/p><\/div>\n\n<a style=\"color:#07277c; font-size:13px;\" class=\"wp-elements-b04f66f073ea061c9dce3f22265101a6 wp-block-read-more has-text-color\" href=\"https:\/\/16mm.com.pl\/index.php\/archiwum\/nr-47-bieda\/\" target=\"_self\"><strong>READ MORE<\/strong> \u2192<span class=\"screen-reader-text\">: Nr 47: BIEDA<\/span><\/a>\n<\/li><li class=\"wp-block-post post-39 page type-page status-publish has-post-thumbnail hentry\">\n\n<div class=\"wp-block-columns is-layout-flex wp-container-core-columns-is-layout-28f84493 wp-block-columns-is-layout-flex\">\n<div class=\"wp-block-column is-layout-flow wp-block-column-is-layout-flow\" style=\"flex-basis:100%\"><figure style=\"aspect-ratio:4\/3;\" class=\"wp-block-post-featured-image\"><a href=\"https:\/\/16mm.com.pl\/index.php\/archiwum\/nr-46-hollywood\/\" target=\"_self\"><img loading=\"lazy\" decoding=\"async\" width=\"1920\" height=\"1080\" src=\"https:\/\/16mm.com.pl\/wp-content\/uploads\/2025\/04\/Plansze-typo_konwersja-5.jpg\" class=\"attachment-post-thumbnail size-post-thumbnail wp-post-image\" alt=\"Nr 46: HOLLYWOOD\" style=\"border-radius:10px;width:100%;height:100%;object-fit:cover;\" srcset=\"https:\/\/16mm.com.pl\/wp-content\/uploads\/2025\/04\/Plansze-typo_konwersja-5.jpg 1920w, https:\/\/16mm.com.pl\/wp-content\/uploads\/2025\/04\/Plansze-typo_konwersja-5-300x169.jpg 300w, https:\/\/16mm.com.pl\/wp-content\/uploads\/2025\/04\/Plansze-typo_konwersja-5-1024x576.jpg 1024w, https:\/\/16mm.com.pl\/wp-content\/uploads\/2025\/04\/Plansze-typo_konwersja-5-768x432.jpg 768w, https:\/\/16mm.com.pl\/wp-content\/uploads\/2025\/04\/Plansze-typo_konwersja-5-1536x864.jpg 1536w\" sizes=\"(max-width: 1920px) 100vw, 1920px\"><\/a><\/figure><\/div>\n<\/div>\n\n\n<h2 style=\"font-size:clamp(14.642px, 0.915rem + ((1vw - 3.2px) * 0.575), 22px); margin-bottom:10px;margin-top:10px;\" class=\"wp-block-post-title\"><a href=\"https:\/\/16mm.com.pl\/index.php\/archiwum\/nr-46-hollywood\/\" target=\"_self\">Nr 46: HOLLYWOOD<\/a><\/h2>\n\n<div style=\"color:#898989; font-size:clamp(14px, 0.875rem + ((1vw - 3.2px) * 0.078), 15px); margin-top:0px;margin-right:0px;margin-bottom:15px;margin-left:0px;\" class=\"has-link-color wp-elements-c79d9821ca3afc00b8d3545e95bd17ca wp-block-post-excerpt has-text-color\"><p class=\"wp-block-post-excerpt__excerpt\">Drogie Czytelniczki, drodzy Czytelnicy, Na koniec 2021 roku zapraszamy Was do wsp\u00f3lnego odkrywania rozmaitych oblicz Fabryki\u2026 <\/p><\/div>\n\n<a style=\"color:#07277c; font-size:13px;\" class=\"wp-elements-b04f66f073ea061c9dce3f22265101a6 wp-block-read-more has-text-color\" href=\"https:\/\/16mm.com.pl\/index.php\/archiwum\/nr-46-hollywood\/\" target=\"_self\"><strong>READ MORE<\/strong> \u2192<span class=\"screen-reader-text\">: Nr 46: HOLLYWOOD<\/span><\/a>\n<\/li><li class=\"wp-block-post post-56 page type-page status-publish has-post-thumbnail hentry\">\n\n<div class=\"wp-block-columns is-layout-flex wp-container-core-columns-is-layout-28f84493 wp-block-columns-is-layout-flex\">\n<div class=\"wp-block-column is-layout-flow wp-block-column-is-layout-flow\" style=\"flex-basis:100%\"><figure style=\"aspect-ratio:4\/3;\" class=\"wp-block-post-featured-image\"><a href=\"https:\/\/16mm.com.pl\/index.php\/archiwum\/nr-45-sny\/\" target=\"_self\"><img loading=\"lazy\" decoding=\"async\" width=\"1920\" height=\"1080\" src=\"https:\/\/16mm.com.pl\/wp-content\/uploads\/2025\/04\/Plansze-typo_konwersja-5.jpg\" class=\"attachment-post-thumbnail size-post-thumbnail wp-post-image\" alt=\"Nr 45: SNY\" style=\"border-radius:10px;width:100%;height:100%;object-fit:cover;\" srcset=\"https:\/\/16mm.com.pl\/wp-content\/uploads\/2025\/04\/Plansze-typo_konwersja-5.jpg 1920w, https:\/\/16mm.com.pl\/wp-content\/uploads\/2025\/04\/Plansze-typo_konwersja-5-300x169.jpg 300w, https:\/\/16mm.com.pl\/wp-content\/uploads\/2025\/04\/Plansze-typo_konwersja-5-1024x576.jpg 1024w, https:\/\/16mm.com.pl\/wp-content\/uploads\/2025\/04\/Plansze-typo_konwersja-5-768x432.jpg 768w, https:\/\/16mm.com.pl\/wp-content\/uploads\/2025\/04\/Plansze-typo_konwersja-5-1536x864.jpg 1536w\" sizes=\"(max-width: 1920px) 100vw, 1920px\"><\/a><\/figure><\/div>\n<\/div>\n\n\n<h2 style=\"font-size:clamp(14.642px, 0.915rem + ((1vw - 3.2px) * 0.575), 22px); margin-bottom:10px;margin-top:10px;\" class=\"wp-block-post-title\"><a href=\"https:\/\/16mm.com.pl\/index.php\/archiwum\/nr-45-sny\/\" target=\"_self\">Nr 45: SNY<\/a><\/h2>\n\n<div style=\"color:#898989; font-size:clamp(14px, 0.875rem + ((1vw - 3.2px) * 0.078), 15px); margin-top:0px;margin-right:0px;margin-bottom:15px;margin-left:0px;\" class=\"has-link-color wp-elements-c79d9821ca3afc00b8d3545e95bd17ca wp-block-post-excerpt has-text-color\"><p class=\"wp-block-post-excerpt__excerpt\">Drogie Czytelniczki, drodzy Czytelnicy, Ostatni numer czasopisma w&nbsp;tym roku akademickim po\u015bwi\u0119camy snom. Sen i&nbsp;kino wydaj\u0105 si\u0119\u2026 <\/p><\/div>\n\n<a style=\"color:#07277c; font-size:13px;\" class=\"wp-elements-b04f66f073ea061c9dce3f22265101a6 wp-block-read-more has-text-color\" href=\"https:\/\/16mm.com.pl\/index.php\/archiwum\/nr-45-sny\/\" target=\"_self\"><strong>READ MORE<\/strong> \u2192<span class=\"screen-reader-text\">: Nr 45: SNY<\/span><\/a>\n<\/li><li class=\"wp-block-post post-58 page type-page status-publish has-post-thumbnail hentry\">\n\n<div class=\"wp-block-columns is-layout-flex wp-container-core-columns-is-layout-28f84493 wp-block-columns-is-layout-flex\">\n<div class=\"wp-block-column is-layout-flow wp-block-column-is-layout-flow\" style=\"flex-basis:100%\"><figure style=\"aspect-ratio:4\/3;\" class=\"wp-block-post-featured-image\"><a href=\"https:\/\/16mm.com.pl\/index.php\/archiwum\/nr-44-bliskosc\/\" target=\"_self\"><img loading=\"lazy\" decoding=\"async\" width=\"1920\" height=\"1080\" src=\"https:\/\/16mm.com.pl\/wp-content\/uploads\/2025\/04\/Plansze-typo_konwersja-5.jpg\" class=\"attachment-post-thumbnail size-post-thumbnail wp-post-image\" alt=\"Nr 44: BLISKO\u015a\u0106\" style=\"border-radius:10px;width:100%;height:100%;object-fit:cover;\" srcset=\"https:\/\/16mm.com.pl\/wp-content\/uploads\/2025\/04\/Plansze-typo_konwersja-5.jpg 1920w, https:\/\/16mm.com.pl\/wp-content\/uploads\/2025\/04\/Plansze-typo_konwersja-5-300x169.jpg 300w, https:\/\/16mm.com.pl\/wp-content\/uploads\/2025\/04\/Plansze-typo_konwersja-5-1024x576.jpg 1024w, https:\/\/16mm.com.pl\/wp-content\/uploads\/2025\/04\/Plansze-typo_konwersja-5-768x432.jpg 768w, https:\/\/16mm.com.pl\/wp-content\/uploads\/2025\/04\/Plansze-typo_konwersja-5-1536x864.jpg 1536w\" sizes=\"(max-width: 1920px) 100vw, 1920px\"><\/a><\/figure><\/div>\n<\/div>\n\n\n<h2 style=\"font-size:clamp(14.642px, 0.915rem + ((1vw - 3.2px) * 0.575), 22px); margin-bottom:10px;margin-top:10px;\" class=\"wp-block-post-title\"><a href=\"https:\/\/16mm.com.pl\/index.php\/archiwum\/nr-44-bliskosc\/\" target=\"_self\">Nr 44: BLISKO\u015a\u0106<\/a><\/h2>\n\n<div style=\"color:#898989; font-size:clamp(14px, 0.875rem + ((1vw - 3.2px) * 0.078), 15px); margin-top:0px;margin-right:0px;margin-bottom:15px;margin-left:0px;\" class=\"has-link-color wp-elements-c79d9821ca3afc00b8d3545e95bd17ca wp-block-post-excerpt has-text-color\"><p class=\"wp-block-post-excerpt__excerpt\">Drogie Czytelniczki, drodzy Czytelnicy, Oddajemy w&nbsp;Wasze r\u0119ce kolejny numer czasopisma, ale czujemy si\u0119 tak, jakby czas\u2026 <\/p><\/div>\n\n<a style=\"color:#07277c; font-size:13px;\" class=\"wp-elements-b04f66f073ea061c9dce3f22265101a6 wp-block-read-more has-text-color\" href=\"https:\/\/16mm.com.pl\/index.php\/archiwum\/nr-44-bliskosc\/\" target=\"_self\"><strong>READ MORE<\/strong> \u2192<span class=\"screen-reader-text\">: Nr 44: BLISKO\u015a\u0106<\/span><\/a>\n<\/li><li class=\"wp-block-post post-60 page type-page status-publish has-post-thumbnail hentry\">\n\n<div class=\"wp-block-columns is-layout-flex wp-container-core-columns-is-layout-28f84493 wp-block-columns-is-layout-flex\">\n<div class=\"wp-block-column is-layout-flow wp-block-column-is-layout-flow\" style=\"flex-basis:100%\"><figure style=\"aspect-ratio:4\/3;\" class=\"wp-block-post-featured-image\"><a href=\"https:\/\/16mm.com.pl\/index.php\/archiwum\/nr-43-bilans\/\" target=\"_self\"><img loading=\"lazy\" decoding=\"async\" width=\"1920\" height=\"1080\" src=\"https:\/\/16mm.com.pl\/wp-content\/uploads\/2025\/04\/Plansze-typo_konwersja-5.jpg\" class=\"attachment-post-thumbnail size-post-thumbnail wp-post-image\" alt=\"Nr 43: BILANS\" style=\"border-radius:10px;width:100%;height:100%;object-fit:cover;\" srcset=\"https:\/\/16mm.com.pl\/wp-content\/uploads\/2025\/04\/Plansze-typo_konwersja-5.jpg 1920w, https:\/\/16mm.com.pl\/wp-content\/uploads\/2025\/04\/Plansze-typo_konwersja-5-300x169.jpg 300w, https:\/\/16mm.com.pl\/wp-content\/uploads\/2025\/04\/Plansze-typo_konwersja-5-1024x576.jpg 1024w, https:\/\/16mm.com.pl\/wp-content\/uploads\/2025\/04\/Plansze-typo_konwersja-5-768x432.jpg 768w, https:\/\/16mm.com.pl\/wp-content\/uploads\/2025\/04\/Plansze-typo_konwersja-5-1536x864.jpg 1536w\" sizes=\"(max-width: 1920px) 100vw, 1920px\"><\/a><\/figure><\/div>\n<\/div>\n\n\n<h2 style=\"font-size:clamp(14.642px, 0.915rem + ((1vw - 3.2px) * 0.575), 22px); margin-bottom:10px;margin-top:10px;\" class=\"wp-block-post-title\"><a href=\"https:\/\/16mm.com.pl\/index.php\/archiwum\/nr-43-bilans\/\" target=\"_self\">Nr 43: BILANS<\/a><\/h2>\n\n<div style=\"color:#898989; font-size:clamp(14px, 0.875rem + ((1vw - 3.2px) * 0.078), 15px); margin-top:0px;margin-right:0px;margin-bottom:15px;margin-left:0px;\" class=\"has-link-color wp-elements-c79d9821ca3afc00b8d3545e95bd17ca wp-block-post-excerpt has-text-color\"><p class=\"wp-block-post-excerpt__excerpt\">Drogie Czytelniczki i&nbsp;Czytelnicy, 2020 rok zmierza ku ko\u0144cowi, nadszed\u0142 wi\u0119c czas na podsumowania. Tym razem to\u2026 <\/p><\/div>\n\n<a style=\"color:#07277c; font-size:13px;\" class=\"wp-elements-b04f66f073ea061c9dce3f22265101a6 wp-block-read-more has-text-color\" href=\"https:\/\/16mm.com.pl\/index.php\/archiwum\/nr-43-bilans\/\" target=\"_self\"><strong>READ MORE<\/strong> \u2192<span class=\"screen-reader-text\">: Nr 43: BILANS<\/span><\/a>\n<\/li><li class=\"wp-block-post post-278 page type-page status-publish has-post-thumbnail hentry\">\n\n<div class=\"wp-block-columns is-layout-flex wp-container-core-columns-is-layout-28f84493 wp-block-columns-is-layout-flex\">\n<div class=\"wp-block-column is-layout-flow wp-block-column-is-layout-flow\" style=\"flex-basis:100%\"><figure style=\"aspect-ratio:4\/3;\" class=\"wp-block-post-featured-image\"><a href=\"https:\/\/16mm.com.pl\/index.php\/archiwum\/nr-42-2020\/\" target=\"_self\"><img loading=\"lazy\" decoding=\"async\" width=\"1920\" height=\"1080\" src=\"https:\/\/16mm.com.pl\/wp-content\/uploads\/2025\/04\/Plansze-typo_konwersja-5.jpg\" class=\"attachment-post-thumbnail size-post-thumbnail wp-post-image\" alt=\"Nr 42: 2020\" style=\"border-radius:10px;width:100%;height:100%;object-fit:cover;\" srcset=\"https:\/\/16mm.com.pl\/wp-content\/uploads\/2025\/04\/Plansze-typo_konwersja-5.jpg 1920w, https:\/\/16mm.com.pl\/wp-content\/uploads\/2025\/04\/Plansze-typo_konwersja-5-300x169.jpg 300w, https:\/\/16mm.com.pl\/wp-content\/uploads\/2025\/04\/Plansze-typo_konwersja-5-1024x576.jpg 1024w, https:\/\/16mm.com.pl\/wp-content\/uploads\/2025\/04\/Plansze-typo_konwersja-5-768x432.jpg 768w, https:\/\/16mm.com.pl\/wp-content\/uploads\/2025\/04\/Plansze-typo_konwersja-5-1536x864.jpg 1536w\" sizes=\"(max-width: 1920px) 100vw, 1920px\"><\/a><\/figure><\/div>\n<\/div>\n\n\n<h2 style=\"font-size:clamp(14.642px, 0.915rem + ((1vw - 3.2px) * 0.575), 22px); margin-bottom:10px;margin-top:10px;\" class=\"wp-block-post-title\"><a href=\"https:\/\/16mm.com.pl\/index.php\/archiwum\/nr-42-2020\/\" target=\"_self\">Nr 42: 2020<\/a><\/h2>\n\n<div style=\"color:#898989; font-size:clamp(14px, 0.875rem + ((1vw - 3.2px) * 0.078), 15px); margin-top:0px;margin-right:0px;margin-bottom:15px;margin-left:0px;\" class=\"has-link-color wp-elements-c79d9821ca3afc00b8d3545e95bd17ca wp-block-post-excerpt has-text-color\"><p class=\"wp-block-post-excerpt__excerpt\">Drodzy Czytelnicy i&nbsp;Czytelniczki, Kt\u00f3\u017c z&nbsp;nas spodziewa\u0142 si\u0119 w&nbsp;momencie wydania poprzedniego numeru, \u017ce kolejne miesi\u0105ce pierwszego roku\u2026 <\/p><\/div>\n\n<a style=\"color:#07277c; font-size:13px;\" class=\"wp-elements-b04f66f073ea061c9dce3f22265101a6 wp-block-read-more has-text-color\" href=\"https:\/\/16mm.com.pl\/index.php\/archiwum\/nr-42-2020\/\" target=\"_self\"><strong>READ MORE<\/strong> \u2192<span class=\"screen-reader-text\">: Nr 42: 2020<\/span><\/a>\n<\/li><\/ul>\n\n\n<div style=\"height:40px\" aria-hidden=\"true\" class=\"wp-block-spacer\"><\/div>\n\n\n\n<hr class=\"wp-block-separator has-text-color has-alpha-channel-opacity has-background is-style-wide\" style=\"margin-top:20px;margin-bottom:20px;background-color:#edecec;color:#edecec\">\n\n\n<nav class=\"aligncenter wp-block-query-pagination is-layout-flex wp-block-query-pagination-is-layout-flex\" aria-label=\"Stronicowanie\">\n\n\n<div class=\"wp-block-query-pagination-numbers\"><span aria-current=\"page\" class=\"page-numbers current\">1<\/span>\n<a class=\"page-numbers\" href=\"?query-12-page=2\">2<\/a><\/div>\n\n<a href=\"\/index.php\/wp-json\/wp\/v2\/pages\/546?query-12-page=2\" class=\"wp-block-query-pagination-next\">Nast\u0119pna strona<\/a>\n<\/nav>\n\n\n<hr class=\"wp-block-separator has-text-color has-alpha-channel-opacity has-background is-style-wide\" style=\"margin-top:20px;margin-bottom:20px;background-color:#edecec;color:#edecec\">\n<\/div>\n<\/div>\n","protected":false},"excerpt":{"rendered":"","protected":false},"author":2,"featured_media":856,"parent":0,"menu_order":0,"comment_status":"closed","ping_status":"closed","template":"","meta":{"wp_typography_post_enhancements_disabled":false,"footnotes":""},"class_list":["post-546","page","type-page","status-publish","has-post-thumbnail","hentry"],"_links":{"self":[{"href":"https:\/\/16mm.com.pl\/index.php\/wp-json\/wp\/v2\/pages\/546","targetHints":{"allow":["GET"]}}],"collection":[{"href":"https:\/\/16mm.com.pl\/index.php\/wp-json\/wp\/v2\/pages"}],"about":[{"href":"https:\/\/16mm.com.pl\/index.php\/wp-json\/wp\/v2\/types\/page"}],"author":[{"embeddable":true,"href":"https:\/\/16mm.com.pl\/index.php\/wp-json\/wp\/v2\/users\/2"}],"replies":[{"embeddable":true,"href":"https:\/\/16mm.com.pl\/index.php\/wp-json\/wp\/v2\/comments?post=546"}],"version-history":[{"count":14,"href":"https:\/\/16mm.com.pl\/index.php\/wp-json\/wp\/v2\/pages\/546\/revisions"}],"predecessor-version":[{"id":999,"href":"https:\/\/16mm.com.pl\/index.php\/wp-json\/wp\/v2\/pages\/546\/revisions\/999"}],"wp:featuredmedia":[{"embeddable":true,"href":"https:\/\/16mm.com.pl\/index.php\/wp-json\/wp\/v2\/media\/856"}],"wp:attachment":[{"href":"https:\/\/16mm.com.pl\/index.php\/wp-json\/wp\/v2\/media?parent=546"}],"curies":[{"name":"wp","href":"https:\/\/api.w.org\/{rel}","templated":true}]}}