{"id":56,"date":"2023-08-13T21:31:53","date_gmt":"2023-08-13T21:31:53","guid":{"rendered":"https:\/\/16mm.com.pl\/?page_id=56"},"modified":"2025-04-19T17:24:14","modified_gmt":"2025-04-19T15:24:14","slug":"nr-45-sny","status":"publish","type":"page","link":"https:\/\/16mm.com.pl\/index.php\/archiwum\/nr-45-sny\/","title":{"rendered":"Nr 45: SNY"},"content":{"rendered":"\n<p><strong>Drogie Czytelniczki, drodzy Czytelnicy,<\/strong><\/p>\n\n\n\n<p>Ostatni numer czasopisma w&nbsp;tym roku akademickim po\u015bwi\u0119camy snom. Sen i&nbsp;kino wydaj\u0105 si\u0119 splecione w&nbsp;nierozerwalnym u\u015bcisku. W&nbsp;refleksji filozoficznej, psychoanalitycznej i&nbsp;filmoznawczej nie raz szukano punkt\u00f3w wsp\u00f3lnych mi\u0119dzy procesem \u015bnienia i&nbsp;ogl\u0105dania film\u00f3w. Podobnie jak w&nbsp;snach r\u00f3wnie\u017c w&nbsp;salach kinowych mamy dost\u0119p do nieograniczonej liczby wyimaginowanych \u015bwiat\u00f3w, uciekamy od codzienno\u015bci, mierzymy si\u0119 ze swoimi l\u0119kami i&nbsp;rozbudzamy ukryte pragnienia. Na ekranie kinowym i&nbsp;w obj\u0119ciach Morfeusza projektujemy swoje wyobra\u017cenia, marzenia, niepokoje. Tw\u00f3rcy film\u00f3w i&nbsp;seriali ch\u0119tnie si\u0119gaj\u0105 po oniryczn\u0105 poetyk\u0119, kt\u00f3ra pozwala im wyj\u015b\u0107 poza realizm, stwarza\u0107 osobne, zadziwiaj\u0105ce wizje i&nbsp;obna\u017ca\u0107 spo\u0142eczne strachy. Z&nbsp;r\u00f3wnym powodzeniem wykorzystuj\u0105 j\u0105 reprezentanci kina autorskiego jak legendarny Masaki Kobayashi oraz ci przypisywani do mainstreamu jak Christopher Nolan. Fascynacja snami i&nbsp;oniryzmem towarzyszy cz\u0142owiekowi od zarania dziej\u00f3w, a&nbsp;przy tym wydaje si\u0119 niewyczerpana i&nbsp;wci\u0105\u017c nap\u0119dza kolejne pokolenia artyst\u00f3w. W\u0142a\u015bnie dlatego nasi autorzy i&nbsp;my chcemy j\u0105 celebrowa\u0107 i&nbsp;kontynuowa\u0107 w&nbsp;swoich tekstach oraz podzieli\u0107 si\u0119 ni\u0105 z&nbsp;Wami.<\/p>\n\n\n\n<p>Jak zawsze zapraszamy te\u017c na nasz <a href=\"https:\/\/pl-pl.facebook.com\/16milimetrow\">fanpage <\/a>i&nbsp;<a href=\"https:\/\/www.instagram.com\/16mm_magazyn\/\">profil na Instagramie<\/a>.<\/p>\n\n\n\n<p><strong>Zapraszamy do lektury,<\/strong><strong><br>Redakcja czasopisma \u201e16 mm\u201d<\/strong><\/p>\n\n\n\n<p><strong>Szerokie uj\u0119cie<\/strong><\/p>\n\n\n\n<p><a href=\"https:\/\/16mm.com.pl\/index.php\/2023\/08\/22\/melancholia-wladzy-rozmowa-z-dominikiem-ritszelem\/\">Melancholia w\u0142adzy. Rozmowa z&nbsp;Dominikiem Ritszelem<\/a> || Emilia Kutrzeba<\/p>\n\n\n\n<p><a href=\"https:\/\/16mm.com.pl\/index.php\/2023\/08\/22\/glos-z-dkf-u-zapomniany-bond-czyli-w-tajnej-sluzbie-jej-krolewskiej-mosci-petera-hunta\/\" data-type=\"link\" data-id=\"https:\/\/16mm.com.pl\/index.php\/2023\/08\/22\/glos-z-dkf-u-zapomniany-bond-czyli-w-tajnej-sluzbie-jej-krolewskiej-mosci-petera-hunta\/\">G\u0141OS Z&nbsp;DKF\u2011U: Zapomniany Bond, czyli <em>W&nbsp;tajnej s\u0142u\u017cbie Jej Kr\u00f3lewskiej Mo\u015bci<\/em> Petera Hunta<\/a> || Karolina Szuba<\/p>\n\n\n\n<p><strong>W powi\u0119kszeniu<\/strong><\/p>\n\n\n\n<p><a href=\"https:\/\/16mm.com.pl\/index.php\/2023\/08\/22\/dziwnie-opowiedziane-dziwne-opowiesci-wokol-filmu-kwaidan-masakiego-kobayashiego\/\" data-type=\"link\" data-id=\"https:\/\/16mm.com.pl\/index.php\/2023\/08\/22\/dziwnie-opowiedziane-dziwne-opowiesci-wokol-filmu-kwaidan-masakiego-kobayashiego\/\">Dziwnie opowiedziane dziwne opowie\u015bci. Wok\u00f3\u0142 filmu <em>Kwaidan <\/em>Masakiego Kobayashiego&nbsp; <\/a>|| Micha\u0142 Stencel<\/p>\n\n\n\n<p><a href=\"https:\/\/16mm.com.pl\/index.php\/2023\/08\/22\/wysnieni-statysci\/\">Wy\u015bnieni staty\u015bci&nbsp;<\/a>|| Maciej Kordal<\/p>\n\n\n\n<p><a href=\"https:\/\/16mm.com.pl\/index.php\/2023\/08\/22\/czy-superbohaterowie-snia-supersny\/\">Czy superbohaterowie \u015bni\u0105 supersny?&nbsp;<\/a>|| Kacper Thomas<\/p>\n\n\n\n<p><strong>Recenzje<\/strong><\/p>\n\n\n\n<p><a href=\"https:\/\/16mm.com.pl\/index.php\/2023\/08\/22\/zaakceptuj-swoj-los\/\">Zaakceptuj sw\u00f3j los&nbsp;\u2013 recenzja filmu&nbsp;<em>Wonder Woman 1984<\/em>&nbsp;<\/a>|| Mateusz Tkaczyk<\/p>\n","protected":false},"excerpt":{"rendered":"<p>Drogie Czytelniczki, drodzy Czytelnicy, Ostatni numer czasopisma w&nbsp;tym roku akademickim po\u015bwi\u0119camy snom. Sen i&nbsp;kino wydaj\u0105 si\u0119 splecione w&nbsp;nierozerwalnym u\u015bcisku. W&nbsp;refleksji filozoficznej, psychoanalitycznej i&nbsp;filmoznawczej nie raz szukano punkt\u00f3w wsp\u00f3lnych mi\u0119dzy procesem \u015bnienia i&nbsp;ogl\u0105dania film\u00f3w. Podobnie jak w&nbsp;snach r\u00f3wnie\u017c w&nbsp;salach kinowych mamy dost\u0119p do nieograniczonej liczby wyimaginowanych \u015bwiat\u00f3w, uciekamy od codzienno\u015bci, mierzymy si\u0119 ze swoimi l\u0119kami i&nbsp;rozbudzamy [\u2026]<\/p>\n","protected":false},"author":1,"featured_media":856,"parent":546,"menu_order":0,"comment_status":"closed","ping_status":"closed","template":"","meta":{"wp_typography_post_enhancements_disabled":false,"footnotes":""},"class_list":["post-56","page","type-page","status-publish","has-post-thumbnail","hentry"],"_links":{"self":[{"href":"https:\/\/16mm.com.pl\/index.php\/wp-json\/wp\/v2\/pages\/56","targetHints":{"allow":["GET"]}}],"collection":[{"href":"https:\/\/16mm.com.pl\/index.php\/wp-json\/wp\/v2\/pages"}],"about":[{"href":"https:\/\/16mm.com.pl\/index.php\/wp-json\/wp\/v2\/types\/page"}],"author":[{"embeddable":true,"href":"https:\/\/16mm.com.pl\/index.php\/wp-json\/wp\/v2\/users\/1"}],"replies":[{"embeddable":true,"href":"https:\/\/16mm.com.pl\/index.php\/wp-json\/wp\/v2\/comments?post=56"}],"version-history":[{"count":4,"href":"https:\/\/16mm.com.pl\/index.php\/wp-json\/wp\/v2\/pages\/56\/revisions"}],"predecessor-version":[{"id":473,"href":"https:\/\/16mm.com.pl\/index.php\/wp-json\/wp\/v2\/pages\/56\/revisions\/473"}],"up":[{"embeddable":true,"href":"https:\/\/16mm.com.pl\/index.php\/wp-json\/wp\/v2\/pages\/546"}],"wp:featuredmedia":[{"embeddable":true,"href":"https:\/\/16mm.com.pl\/index.php\/wp-json\/wp\/v2\/media\/856"}],"wp:attachment":[{"href":"https:\/\/16mm.com.pl\/index.php\/wp-json\/wp\/v2\/media?parent=56"}],"curies":[{"name":"wp","href":"https:\/\/api.w.org\/{rel}","templated":true}]}}