{"id":58,"date":"2023-08-13T21:32:19","date_gmt":"2023-08-13T21:32:19","guid":{"rendered":"https:\/\/16mm.com.pl\/?page_id=58"},"modified":"2025-04-19T17:23:24","modified_gmt":"2025-04-19T15:23:24","slug":"nr-44-bliskosc","status":"publish","type":"page","link":"https:\/\/16mm.com.pl\/index.php\/archiwum\/nr-44-bliskosc\/","title":{"rendered":"Nr 44: BLISKO\u015a\u0106"},"content":{"rendered":"\n<p><strong>Drogie Czytelniczki, drodzy Czytelnicy,<\/strong><\/p>\n\n\n\n<p>Oddajemy w&nbsp;Wasze r\u0119ce kolejny numer czasopisma, ale czujemy si\u0119 tak, jakby czas stan\u0105\u0142 w&nbsp;miejscu. Jeste\u015bmy bowiem w&nbsp;przededniu ponownego zamkni\u0119cia kin, a&nbsp;pandemia nie ust\u0119puje. Kierujemy si\u0119 jednak w&nbsp;stron\u0119 idei blisko\u015bci, kt\u00f3ra sta\u0142a si\u0119 motywem przewodnim jednego z&nbsp;wa\u017cniejszych film\u00f3w w&nbsp;najnowszej historii kina polskiego, czyli <em>Zabij to i&nbsp;wyjed\u017a z&nbsp;tego miasta<\/em> Mariusza Wilczy\u0144skiego. Duch tej znakomitej animacji unosi si\u0119 nad tekstami naszych autor\u00f3w, tw\u00f3rczo interpretuj\u0105cych owo poj\u0119cie i&nbsp;dziel\u0105cych si\u0119, cz\u0119sto bardzo osobistymi, refleksjami. Cz\u0142owiekowi wsp\u00f3\u0142czesnemu brakuje blisko\u015bci nie tylko teraz, w&nbsp;czasach kryzysu, lecz w&nbsp;og\u00f3le, bo post\u0119puj\u0105ca atomizacja spo\u0142ecze\u0144stwa i&nbsp;szeroko poj\u0119ty izolacjonizm drastycznie zmieniaj\u0105 relacje mi\u0119dzyludzkie. Antidotum na te problemy cz\u0119sto szukamy w&nbsp;filmach i&nbsp;serialach, lecz warto sobie zada\u0107 pytanie: czy nadmierne, kompulsywne poch\u0142anianie tekst\u00f3w kultury nie jest dzi\u015b procesem prowadz\u0105cym do alienacji? Albo jeszcze inaczej: czy kontakt z&nbsp;dzie\u0142ami sztuki otwiera nas na do\u015bwiadczenie blisko\u015bci, a&nbsp;mo\u017ce wr\u0119cz przeciwnie? Zach\u0119camy Was do si\u0119gni\u0119cia po artyku\u0142y i&nbsp;recenzje w&nbsp;celu znalezienia odpowiedzi oraz do wspierania kultury w&nbsp;tym trudnym okresie. Ona przecie\u017c tak\u017ce potrzebuje naszej blisko\u015bci.<\/p>\n\n\n\n<p>Jak zawsze zapraszamy te\u017c na nasz <a href=\"https:\/\/pl-pl.facebook.com\/16milimetrow\">fanpage <\/a>i&nbsp;<a href=\"https:\/\/www.instagram.com\/16mm_magazyn\/\">profil na Instagramie<\/a>.<\/p>\n\n\n\n<p><strong>Zapraszamy do lektury,<\/strong><strong><br>Redakcja czasopisma \u201e16 mm\u201d<\/strong><\/p>\n\n\n\n<p><strong>W powi\u0119kszeniu<\/strong><\/p>\n\n\n\n<p><a href=\"https:\/\/16mm.com.pl\/index.php\/2025\/03\/23\/bliskosc-minionej-epoki-krol-edyp-pasoliniego-na-tle-filmowych-interpretacji-starozytnosci\/\">Blisko\u015b\u0107 minionej epoki. <em>Kr\u00f3l Edyp<\/em> Pasoliniego na tle filmowych interpretacji staro\u017cytno\u015bci<\/a> || Micha\u0142 Stencel<br><a href=\"https:\/\/16mm.com.pl\/index.php\/2025\/03\/23\/odtracenie-idealu-zwiazki-kobiety-i-bliskosc-w-filmach-marka-koterskiego\/\">Odtr\u0105cenie idea\u0142u. Zwi\u0105zki, kobiety i&nbsp;blisko\u015b\u0107 w&nbsp;filmach Marka Koterskiego<\/a> || Maciej Kordal<\/p>\n\n\n\n<p><strong>Szerokie uj\u0119cie<\/strong><\/p>\n\n\n\n<p><a href=\"https:\/\/16mm.com.pl\/index.php\/2025\/03\/23\/glos-z-dkf-u-coraz-blizej-swieta-czyli-o-cudzie-na-34-ulicy\/\">G\u0141OS Z&nbsp;DKF\u2011U: Coraz bli\u017cej \u015bwi\u0119ta, czyli o&nbsp;<em>Cudzie na 34. ulicy<\/em><\/a>&nbsp;|| Gabriela Mokrzycka<br><a href=\"https:\/\/16mm.com.pl\/index.php\/2025\/03\/23\/niedopasowane-puzzle-fabularne-analiza-filmu-banksterzy\/\">Niedopasowane puzzle fabularne. Analiza filmu <em>Banksterzy<\/em><\/a> || Artur Borowski<\/p>\n\n\n\n<p><strong>Recenzje<\/strong><\/p>\n\n\n\n<p><a href=\"https:\/\/16mm.com.pl\/index.php\/2025\/03\/23\/stek-bzdur\/\">Stek bzdur<\/a> \u2013 recenzja filmu <em>Malcolme i&nbsp;Marie<\/em>&nbsp;|| Mateusz Tkaczyk<br><a href=\"https:\/\/16mm.com.pl\/index.php\/2025\/03\/23\/wuhan-flu-i-feminizm-w-kazachstanie\/\">Wuhan flu i&nbsp;feminizm w&nbsp;Kazachstanie<\/a> \u2013 recenzja <em>Kolejnego filmu o&nbsp;Boracie<\/em> || Justyna Leszek<br><a href=\"https:\/\/16mm.com.pl\/index.php\/2025\/03\/23\/dla-ciebie-jestem-soba\/\">Dla ciebie jestem sob\u0105<\/a> \u2013 recenzja filmu <em>Lekcja mi\u0142o\u015bci<\/em> || Emilia Kutrzeba<br><a href=\"https:\/\/16mm.com.pl\/index.php\/2025\/03\/23\/normalni-ludzie-nienormalne-relacje\/\">Normalni ludzie, nienormalne relacje<\/a> \u2013 recenzja serialu <em>Normalni ludzie<\/em> || Sabina Tkacz<\/p>\n\n\n\n<p>\/na stronie g\u0142\u00f3wnej \u2013 Palm Springs (2020, Max Barbakov) \/ z&nbsp;materia\u0142\u00f3w prasowych Gutek film<\/p>\n","protected":false},"excerpt":{"rendered":"<p>Drogie Czytelniczki, drodzy Czytelnicy, Oddajemy w&nbsp;Wasze r\u0119ce kolejny numer czasopisma, ale czujemy si\u0119 tak, jakby czas stan\u0105\u0142 w&nbsp;miejscu. Jeste\u015bmy bowiem w&nbsp;przededniu ponownego zamkni\u0119cia kin, a&nbsp;pandemia nie ust\u0119puje. Kierujemy si\u0119 jednak w&nbsp;stron\u0119 idei blisko\u015bci, kt\u00f3ra sta\u0142a si\u0119 motywem przewodnim jednego z&nbsp;wa\u017cniejszych film\u00f3w w&nbsp;najnowszej historii kina polskiego, czyli Zabij to i&nbsp;wyjed\u017a z&nbsp;tego miasta Mariusza Wilczy\u0144skiego. Duch tej [\u2026]<\/p>\n","protected":false},"author":1,"featured_media":856,"parent":546,"menu_order":1,"comment_status":"closed","ping_status":"closed","template":"","meta":{"wp_typography_post_enhancements_disabled":false,"footnotes":""},"class_list":["post-58","page","type-page","status-publish","has-post-thumbnail","hentry"],"_links":{"self":[{"href":"https:\/\/16mm.com.pl\/index.php\/wp-json\/wp\/v2\/pages\/58","targetHints":{"allow":["GET"]}}],"collection":[{"href":"https:\/\/16mm.com.pl\/index.php\/wp-json\/wp\/v2\/pages"}],"about":[{"href":"https:\/\/16mm.com.pl\/index.php\/wp-json\/wp\/v2\/types\/page"}],"author":[{"embeddable":true,"href":"https:\/\/16mm.com.pl\/index.php\/wp-json\/wp\/v2\/users\/1"}],"replies":[{"embeddable":true,"href":"https:\/\/16mm.com.pl\/index.php\/wp-json\/wp\/v2\/comments?post=58"}],"version-history":[{"count":4,"href":"https:\/\/16mm.com.pl\/index.php\/wp-json\/wp\/v2\/pages\/58\/revisions"}],"predecessor-version":[{"id":387,"href":"https:\/\/16mm.com.pl\/index.php\/wp-json\/wp\/v2\/pages\/58\/revisions\/387"}],"up":[{"embeddable":true,"href":"https:\/\/16mm.com.pl\/index.php\/wp-json\/wp\/v2\/pages\/546"}],"wp:featuredmedia":[{"embeddable":true,"href":"https:\/\/16mm.com.pl\/index.php\/wp-json\/wp\/v2\/media\/856"}],"wp:attachment":[{"href":"https:\/\/16mm.com.pl\/index.php\/wp-json\/wp\/v2\/media?parent=58"}],"curies":[{"name":"wp","href":"https:\/\/api.w.org\/{rel}","templated":true}]}}