{"id":691,"date":"2025-04-20T22:02:34","date_gmt":"2025-04-20T20:02:34","guid":{"rendered":"https:\/\/16mm.com.pl\/?page_id=691"},"modified":"2025-11-03T00:18:12","modified_gmt":"2025-11-02T23:18:12","slug":"dla-autorow","status":"publish","type":"page","link":"https:\/\/16mm.com.pl\/index.php\/dla-autorow\/","title":{"rendered":"Dla autor\u00f3w"},"content":{"rendered":"\n<div class=\"wp-block-group has-global-padding is-layout-constrained wp-container-core-group-is-layout-12243e0f wp-block-group-is-layout-constrained\">\n<div class=\"wp-block-cover alignfull\" style=\"padding-top:2%;min-height:30rem;aspect-ratio:unset;\"><img fetchpriority=\"high\" decoding=\"async\" width=\"1024\" height=\"576\" class=\"wp-block-cover__image-background wp-image-862 size-large\" alt src=\"https:\/\/16mm.com.pl\/wp-content\/uploads\/2025\/04\/Dla-autorow-1024x576.jpg\" data-object-fit=\"cover\" srcset=\"https:\/\/16mm.com.pl\/wp-content\/uploads\/2025\/04\/Dla-autorow-1024x576.jpg 1024w, https:\/\/16mm.com.pl\/wp-content\/uploads\/2025\/04\/Dla-autorow-300x169.jpg 300w, https:\/\/16mm.com.pl\/wp-content\/uploads\/2025\/04\/Dla-autorow-768x432.jpg 768w, https:\/\/16mm.com.pl\/wp-content\/uploads\/2025\/04\/Dla-autorow-1536x864.jpg 1536w, https:\/\/16mm.com.pl\/wp-content\/uploads\/2025\/04\/Dla-autorow.jpg 1920w\" sizes=\"(max-width: 1024px) 100vw, 1024px\"><span aria-hidden=\"true\" class=\"wp-block-cover__background has-background-dim-0 has-background-dim\" style=\"background-color:#401f33\"><\/span><div class=\"wp-block-cover__inner-container has-global-padding is-layout-constrained wp-container-core-cover-is-layout-ee51f2d2 wp-block-cover-is-layout-constrained\">\n<p class=\"has-text-align-center has-large-font-size\"><\/p>\n<\/div><\/div>\n\n\n\n<div class=\"wp-block-cover alignfull has-parallax dopasuj-okladke\" style=\"min-height:20%;aspect-ratio:unset;\"><div class=\"wp-block-cover__image-background wp-image-1178 size-full has-parallax\" style=\"background-position:50% 50%;background-image:url(https:\/\/16mm.com.pl\/wp-content\/uploads\/2025\/11\/Pattern.jpg)\"><\/div><span aria-hidden=\"true\" class=\"wp-block-cover__background has-background-dim-40 has-background-dim\" style=\"background-color:#000000\"><\/span><div class=\"wp-block-cover__inner-container has-global-padding is-layout-constrained wp-container-core-cover-is-layout-12243e0f wp-block-cover-is-layout-constrained\">\n\n\n<h2 class=\"wp-block-heading alignwide has-white-color has-text-color has-hitchcut-font-family\" style=\"font-size:clamp(27.894px, 1.743rem + ((1vw - 3.2px) * 1.571), 48px);line-height:1.2\">Call for papers nr 2(2)<\/h2>\n\n\n\n<div class=\"wp-block-columns alignwide is-layout-flex wp-container-core-columns-is-layout-28f84493 wp-block-columns-is-layout-flex\">\n<div class=\"wp-block-column is-vertically-aligned-center has-global-padding is-content-justification-left is-layout-constrained wp-container-core-column-is-layout-353cc7fb wp-block-column-is-layout-constrained\" style=\"flex-basis:100%\">\n<p class=\"has-text-color\" style=\"color:#ffffff\">Termin <strong>przyjmowania abstrakt\u00f3w : <\/strong><br><strong>1&nbsp;grudnia 2025 roku<\/strong>.<\/p>\n\n\n\n<p class=\"has-text-color\" style=\"color:#ffffff\">Termin przesy\u0142ania gotowych prac: <br>31 grudnia<strong> 2025<\/strong> roku<\/p>\n\n\n\n<p><em>Je\u017celi kto\u015b posiada ju\u017c gotowy tekst (np. esej, recenzj\u0119, szkic krytyczny) i&nbsp;nie chce przesy\u0142a\u0107 abstraktu, mo\u017ce od razu przes\u0142a\u0107 pe\u0142n\u0105 wersj\u0119 <strong>r\u00f3wnie\u017c do 31 grudnia 2025<\/strong>.<\/em><\/p>\n\n\n\n<p class=\"has-text-color has-link-color wp-elements-eff13eda2e73b4ac4052a30dd0251193\" style=\"color:#ffffff\">Prosimy o&nbsp;wysy\u0142anie prac i&nbsp;ewentualnych pyta\u0144 na adres e\u2011mail: <a href=\"mailto:redakcja16mm@gmail.com\">redakcja16mm@gmail.com<\/a>&nbsp;<\/p>\n\n\n\n<p class=\"has-text-color\" style=\"color:#ffffff\">W tytule prosimy wpisa\u0107 \u201eTekst CFP numer pisma\u201d, <br>np. \u201eTekst CFP 2(2)\/2025\u201d<\/p>\n\n\n\n<div class=\"wp-block-buttons is-content-justification-left is-layout-flex wp-container-core-buttons-is-layout-fc4fd283 wp-block-buttons-is-layout-flex\">\n<div class=\"wp-block-button\"><a class=\"wp-block-button__link has-text-color has-background has-hitchcut-font-family has-custom-font-size wp-element-button\" href=\"https:\/\/16mm.com.pl\/index.php\/call-for-papers-2\/\" style=\"border-radius:0px;border-top-style:none;border-top-width:0px;border-right-style:none;border-right-width:0px;border-bottom-style:none;border-bottom-width:0px;border-left-style:none;border-left-width:0px;color:#080808;background-color:#ffffff;padding-top:14px;padding-right:36px;padding-bottom:14px;padding-left:36px;font-size:clamp(14px, 0.875rem + ((1vw - 3.2px) * 0.234), 17px);font-style:normal;font-weight:700;letter-spacing:0px;text-decoration:none;text-transform:uppercase\">Wi\u0119cej<\/a><\/div>\n<\/div>\n<\/div>\n<\/div>\n\n\n<\/div><\/div>\n\n\n\n<div class=\"wp-block-cover alignfull has-parallax dopasuj-okladke\" style=\"min-height:20%;aspect-ratio:unset;\"><div class=\"wp-block-cover__image-background wp-image-623 size-full has-parallax\" style=\"background-position:50% 50%;background-image:url(https:\/\/16mm.com.pl\/wp-content\/uploads\/2025\/04\/Nozki.png)\"><\/div><span aria-hidden=\"true\" class=\"wp-block-cover__background has-background-dim-40 has-background-dim\" style=\"background-color:#000000\"><\/span><div class=\"wp-block-cover__inner-container has-global-padding is-layout-constrained wp-container-core-cover-is-layout-12243e0f wp-block-cover-is-layout-constrained\">\n\n\n<h2 class=\"wp-block-heading alignwide has-white-color has-text-color has-hitchcut-font-family\" style=\"font-size:clamp(27.894px, 1.743rem + ((1vw - 3.2px) * 1.571), 48px);line-height:1.2\">Call for papers nr 1(2)<\/h2>\n\n\n\n<div class=\"wp-block-columns alignwide is-layout-flex wp-container-core-columns-is-layout-28f84493 wp-block-columns-is-layout-flex\">\n<div class=\"wp-block-column is-vertically-aligned-center has-global-padding is-content-justification-left is-layout-constrained wp-container-core-column-is-layout-353cc7fb wp-block-column-is-layout-constrained\" style=\"flex-basis:100%\">\n<p class=\"has-text-color\" style=\"color:#ffffff\">Termin przesy\u0142ania gotowych tekst\u00f3w:<br>20 kwiecie\u0144 2025 \u2013 30 czerwiec 2025<\/p>\n\n\n\n<p>Prosimy o&nbsp;wysy\u0142anie prac i&nbsp;ewentualnych pyta\u0144 na adres e\u2011mail: redakcja16mm@gmail.com&nbsp;<\/p>\n\n\n\n<p class=\"has-text-color\" style=\"color:#ffffff\">W tytule prosimy wpisa\u0107 \u201eTekst CFP numer pisma\u201d,<br>np. \u201eTekst CFP 1(2)\/2025\u201d.<\/p>\n\n\n\n<div class=\"wp-block-buttons is-content-justification-left is-layout-flex wp-container-core-buttons-is-layout-fc4fd283 wp-block-buttons-is-layout-flex\">\n<div class=\"wp-block-button\"><a class=\"wp-block-button__link has-text-color has-background has-hitchcut-font-family has-custom-font-size wp-element-button\" href=\"https:\/\/16mm.com.pl\/index.php\/call-for-papers-1\/\" style=\"border-radius:0px;border-top-style:none;border-top-width:0px;border-right-style:none;border-right-width:0px;border-bottom-style:none;border-bottom-width:0px;border-left-style:none;border-left-width:0px;color:#080808;background-color:#ffffff;padding-top:14px;padding-right:36px;padding-bottom:14px;padding-left:36px;font-size:clamp(14px, 0.875rem + ((1vw - 3.2px) * 0.234), 17px);font-style:normal;font-weight:700;letter-spacing:0px;text-decoration:none;text-transform:uppercase\">Wi\u0119cej<\/a><\/div>\n<\/div>\n<\/div>\n<\/div>\n\n\n<\/div><\/div>\n\n\n<\/div>\n\n\n\n<div class=\"wp-block-group has-global-padding is-layout-constrained wp-container-core-group-is-layout-4f9f0532 wp-block-group-is-layout-constrained\">\n<p>Gor\u0105co zach\u0119camy do nadsy\u0142ania tekst\u00f3w do drugiego woluminu studenckiego pisma o&nbsp;tematyce audiowizualnej<em> 16mm<\/em>.<\/p>\n\n\n\n<p>Do publikacji dopuszczamy <strong>artyku\u0142y analityczne, teoretyczne oraz historyczne <\/strong>(preferowany jest kr\u00f3tszy format, ale z&nbsp;ch\u0119ci\u0105 przyjmiemy r\u00f3wnie\u017c d\u0142u\u017csze prace), dotycz\u0105ce medium filmowego i&nbsp;pokrewnych zjawisk audiowizualnych, teksty o&nbsp;tematyce (oko\u0142o)filmowej w&nbsp;charakterze <strong>felieton\u00f3w<\/strong>, jak i&nbsp;kr\u00f3tsze prace pisemne \u2013 <strong>recenzje<\/strong>, kt\u00f3re pojawi\u0105 si\u0119 w&nbsp;sekcji <em>Przekr\u00f3j<\/em>, czyli teksty recenzenckie atrakcyjnych tytu\u0142\u00f3w, kt\u00f3re:&nbsp;<\/p>\n\n\n\n<ul class=\"wp-block-list\">\n<li>nie mia\u0142y jeszcze oficjalnej polskiej premiery, <\/li>\n\n\n\n<li>ich pokazy przedpremierowe pojawiaj\u0105 si\u0119 aktualnie w&nbsp;kinach studyjnych,&nbsp;<\/li>\n\n\n\n<li>stanowi\u0105 nowo\u015bci na streamingach.&nbsp;<\/li>\n<\/ul>\n\n\n\n<p>Zach\u0119camy do zg\u0142aszania prac pisemnych zwi\u0105zanych z&nbsp;tematyk\u0105 <strong>kina wsp\u00f3\u0142czesnego, artystycznego, sylwetek os\u00f3b aktorskich oraz historii i&nbsp;teorii kina<\/strong>. Jeste\u015bmy zainteresowani zar\u00f3wno analizami wybranych film\u00f3w, jak i&nbsp;uj\u0119ciem kina jako zjawiska komunikacyjnego i&nbsp;spo\u0142eczno-kulturowego. Teksty, kt\u00f3re wejd\u0105 do publikacji mog\u0105 funkcjonowa\u0107 w&nbsp;szerokim zakresie tematycznym, obejmuj\u0105cym m.in. problematyk\u0119 produkcji filmowej, kwesti\u0119 odbioru tre\u015bci audiowizualnych, estetyki, ideologii, spo\u0142ecznego zaanga\u017cowania kina czy jego potencja\u0142u w&nbsp;dyskursie politycznym.<\/p>\n\n\n\n<p>Zapraszamy do nadsy\u0142ania tekst\u00f3w pokrywaj\u0105cych g\u0142\u00f3wn\u0105 tematyk\u0119 numeru (obejmuj\u0105c\u0105 wi\u0119ksz\u0105 cz\u0119\u015b\u0107 wydania), ale r\u00f3wnie\u017c podejmuj\u0105cych obszary spoza przewodniego zakresu tematycznego.<\/p>\n\n\n\n<p>Prosimy o&nbsp;nadsy\u0142anie prac w&nbsp;formacie <em>.doc<\/em> lub <em>.docx<\/em> oraz ich kopii w&nbsp;formacie <em>.pdf<\/em>. Teksty recenzenckie nie powinny przekracza\u0107 limitu 5000 znak\u00f3w ze spacjami. D\u0142u\u017csze teksty analityczne, teoretyczne b\u0105d\u017a historyczne powinny mie\u015bci\u0107 si\u0119 w&nbsp;limicie 15 000 znak\u00f3w ze spacjami.<\/p>\n\n\n\n<h5 class=\"wp-block-heading\"><strong>Przypisy, filmografia i&nbsp;bibliografia (wz\u00f3r):<\/strong><\/h5>\n\n\n\n<ol class=\"wp-block-list\">\n<li><strong>Dzie\u0142o audiowizualne:&nbsp;<\/strong><\/li>\n<\/ol>\n\n\n\n<p><em>Tytu\u0142<\/em>, re\u017c. Imi\u0119 Nazwisko, scen. Imi\u0119 Nazwisko, op. Imi\u0119 Nazwisko, muz. Imi\u0119 Nazwisko, mont. Imi\u0119 Nazwisko, rok produkcji, kraj\/-e produkcji.&nbsp;<\/p>\n\n\n\n<p>W przypadku kluczowych dla recenzji\/analizy\/interpretacji innych pion\u00f3w produkcyjnych tj. kostium\u00f3w, charakteryzacji, scenografii czy d\u017awi\u0119ku, prosimy o&nbsp;uwzgl\u0119dnienie ich w&nbsp;przypisie wg powy\u017cszego wzoru.<\/p>\n\n\n\n<ol start=\"2\" class=\"wp-block-list\">\n<li><strong>Przypis bibliograficzny:&nbsp;<\/strong><\/li>\n<\/ol>\n\n\n\n<p>W konstruowaniu przypis\u00f3w prosimy o&nbsp;korzystanie z&nbsp;\u0142aci\u0144skich skr\u00f3t\u00f3w bibliograficznych (<em>ibidem, idem, op. cit., cf., v.<\/em>, etc.). Tu pomocne \u017ar\u00f3d\u0142o: <a href=\"https:\/\/www.kropki-kreski.pl\/bibliografia-i-przypisy\/\">https:\/\/www.kropki-kreski.pl\/bibliografia-i-przypisy\/<\/a><\/p>\n\n\n\n<p>Prosimy o&nbsp;konstruowanie przypis\u00f3w bibliograficznych zgodnie ze stylem <strong>Modern Humanities Research Association, 4th edition (note with bibliography)<\/strong>. Poni\u017cej zamieszczamy przyk\u0142adowe typy cytowanych \u017ar\u00f3de\u0142, wraz ze wzorami ich opisu bibliograficznego:<\/p>\n\n\n\n<ul class=\"wp-block-list\">\n<li><strong>Ksi\u0105\u017cka<\/strong><\/li>\n<\/ul>\n\n\n\n<p>[1] M. Foucault,<em> Historia seksualno\u015bci<\/em>, Czytelnik (Warszawa, 1995).<\/p>\n\n\n\n<ul class=\"wp-block-list\">\n<li><strong>Artyku\u0142 w&nbsp;czasopi\u015bmie naukowym<\/strong><\/li>\n<\/ul>\n\n\n\n<p>[2] Ewa Bal, <em>Na\u017cywo\u015b\u0107 w&nbsp;kinie? O&nbsp;problematyczno\u015bci odbioru \u201eSal\u00f2, czyli 120 dni Sodomy\u201d Piera Paola Pasoliniego,<\/em> \u201eKwartalnik Filmowy\u201d, nr 87\u201388 (2014), s. 44\u201350, doi:10.36744\/kf.2355.<\/p>\n\n\n\n<ul class=\"wp-block-list\">\n<li><strong>Rozdzia\u0142 w&nbsp;ksi\u0105\u017cce (praca zbiorowa)<\/strong><\/li>\n<\/ul>\n\n\n\n<p>[3] Agnieszka Taborska, <em>Nie tylko Makbet<\/em>, w: \u201eDziwy i&nbsp;dziwki: szkice o&nbsp;wyobra\u017ani\u201d, (Warszawa: W.A.B., 2019), s. 45\u201360.<\/p>\n\n\n\n<ul class=\"wp-block-list\">\n<li>&nbsp;<strong>Artyku\u0142 z&nbsp;czasopisma elektronicznego<\/strong><\/li>\n<\/ul>\n\n\n\n<p>[4] Katarzyna Mroczkowska-Brand, <em>Film i&nbsp;trauma: Mi\u0119dzy dokumentem a&nbsp;\u015bwiadectwem<\/em>, \u201eStudia Filmoznawcze\u201d, 41 (2020), s. 127\u2013145, [online], https:\/\/doi.org\/10.19195\/0860\u20131166.41.8 [dost\u0119p: 6&nbsp;kwietnia 2025].<\/p>\n\n\n\n<ul class=\"wp-block-list\">\n<li><strong>Strona internetowa \/ artyku\u0142 online<\/strong><\/li>\n<\/ul>\n\n\n\n<p>[5] Agnieszka Jakimiak, <em>Kino protestu,<\/em> \u201eDwutygodnik\u201d, 2021, [online], https:\/\/www.dwutygodnik.com\/artykul\/9456-kino-protestu.html [dost\u0119p: 6&nbsp;kwietnia 2025].<\/p>\n\n\n\n<ul class=\"wp-block-list\">\n<li><strong>Podcast \/ audycja radiowa online<\/strong><\/li>\n<\/ul>\n\n\n\n<p>[6] Jakub Majmurek, <em>Dlaczego Vega jest popularny?,<\/em> \u201eS\u0142uchaj, co m\u00f3wi\u0119\u201d [podcast], TOK FM, 15 stycznia 2024, https:\/\/audycje.tokfm.pl\/podcast\/14765, [dost\u0119p: 6&nbsp;kwietnia 2025].<\/p>\n\n\n\n<ul class=\"wp-block-list\">\n<li><strong>Praca dyplomowa (magisterska, licencjacka, doktorska)<\/strong><\/li>\n<\/ul>\n\n\n\n<p>[7] Anna Kowalska, <em>Obrazy pami\u0119ci w&nbsp;filmie dokumentalnym,<\/em> (niepublikowana praca magisterska, Uniwersytet Jagiello\u0144ski, 2022).<\/p>\n\n\n\n<ul class=\"wp-block-list\">\n<li><strong>Wywiad prasowy<\/strong><\/li>\n<\/ul>\n\n\n\n<p>[8] Dorota Mas\u0142owska, <em>Koniec ironii. Koniec \u015bwiata<\/em>, rozm. Natalia Szostak, \u201eGazeta Wyborcza\u201d, 2&nbsp;stycznia 2024, s. 6\u20139.<\/p>\n\n\n\n<ul class=\"wp-block-list\">\n<li><strong>Materia\u0142y konferencyjne (niewydane)<\/strong><\/li>\n<\/ul>\n\n\n\n<p>[9] Tomasz Plata, <em>Postdramatyzm i&nbsp;polityka sceny<\/em>, referat wyg\u0142oszony podczas konferencji \u201eEstetyka i&nbsp;zaanga\u017cowanie\u201d, Warszawa, 10\u201312 pa\u017adziernika 2023.<\/p>\n\n\n\n<ul class=\"wp-block-list\">\n<li><strong>Materia\u0142y konferencyjne (wydane)<\/strong><\/li>\n<\/ul>\n\n\n\n<p>[10] Joanna Ostrowska, <em>Kino jako przestrze\u0144 oporu<\/em>, w: \u201eWobec przemocy. Studia o&nbsp;kulturze i&nbsp;spo\u0142ecze\u0144stwie\u201d, red. Piotr Celi\u0144ski (Lublin: UMCS, 2021), s. 88\u2013100.<\/p>\n\n\n\n<ul class=\"wp-block-list\">\n<li><strong>Encyklopedia \/ s\u0142ownik<\/strong><\/li>\n<\/ul>\n\n\n\n<p>[11] Jerzy Toeplitz, <em>Kino radzieckie<\/em>, w: \u201eEncyklopedia filmu\u201d, red. Tadeusz Lubelski (Krak\u00f3w: Universitas, 2003), s. 451\u2013456.<\/p>\n<\/div>\n","protected":false},"excerpt":{"rendered":"<p>Gor\u0105co zach\u0119camy do nadsy\u0142ania tekst\u00f3w do drugiego woluminu studenckiego pisma o&nbsp;tematyce audiowizualnej 16mm. Do publikacji dopuszczamy artyku\u0142y analityczne, teoretyczne oraz historyczne (preferowany jest kr\u00f3tszy format, ale z&nbsp;ch\u0119ci\u0105 przyjmiemy r\u00f3wnie\u017c d\u0142u\u017csze prace), dotycz\u0105ce medium filmowego i&nbsp;pokrewnych zjawisk audiowizualnych, teksty o&nbsp;tematyce (oko\u0142o)filmowej w&nbsp;charakterze felieton\u00f3w, jak i&nbsp;kr\u00f3tsze prace pisemne \u2013 recenzje, kt\u00f3re pojawi\u0105 si\u0119 w&nbsp;sekcji Przekr\u00f3j, czyli teksty [\u2026]<\/p>\n","protected":false},"author":2,"featured_media":0,"parent":0,"menu_order":0,"comment_status":"closed","ping_status":"closed","template":"","meta":{"wp_typography_post_enhancements_disabled":false,"footnotes":""},"class_list":["post-691","page","type-page","status-publish","hentry"],"_links":{"self":[{"href":"https:\/\/16mm.com.pl\/index.php\/wp-json\/wp\/v2\/pages\/691","targetHints":{"allow":["GET"]}}],"collection":[{"href":"https:\/\/16mm.com.pl\/index.php\/wp-json\/wp\/v2\/pages"}],"about":[{"href":"https:\/\/16mm.com.pl\/index.php\/wp-json\/wp\/v2\/types\/page"}],"author":[{"embeddable":true,"href":"https:\/\/16mm.com.pl\/index.php\/wp-json\/wp\/v2\/users\/2"}],"replies":[{"embeddable":true,"href":"https:\/\/16mm.com.pl\/index.php\/wp-json\/wp\/v2\/comments?post=691"}],"version-history":[{"count":73,"href":"https:\/\/16mm.com.pl\/index.php\/wp-json\/wp\/v2\/pages\/691\/revisions"}],"predecessor-version":[{"id":1223,"href":"https:\/\/16mm.com.pl\/index.php\/wp-json\/wp\/v2\/pages\/691\/revisions\/1223"}],"wp:attachment":[{"href":"https:\/\/16mm.com.pl\/index.php\/wp-json\/wp\/v2\/media?parent=691"}],"curies":[{"name":"wp","href":"https:\/\/api.w.org\/{rel}","templated":true}]}}